{"id":8731,"date":"2012-08-04T21:42:08","date_gmt":"2012-08-04T20:42:08","guid":{"rendered":"http:\/\/regionmazowsze.pl\/?page_id=8731"},"modified":"2015-07-18T14:06:45","modified_gmt":"2015-07-18T13:06:45","slug":"edukacja-2","status":"publish","type":"page","link":"https:\/\/regionmazowsze.pl\/?page_id=8731","title":{"rendered":"Edukacja"},"content":{"rendered":"<ul>\n<li><a href=\"http:\/\/www.men.gov.pl\/\" target=\"_blank\">Ministerstwo Edukacji Narodowej<\/a><\/li>\n<li><a href=\"http:\/\/www.mazovia.pl\/jednostki-organizacyjne\/szukaj,11.html\" target=\"_blank\">Plac\u00f3wki o\u015bwiatowe na Mazowszu<\/a><\/li>\n<li><a href=\"http:\/\/fio.org.pl\/\" target=\"_blank\">Federacja Inicjatyw O\u015bwiatowych na Mazowszu<\/a><\/li>\n<li><a href=\"http:\/\/otworzsie.org.pl\/\" target=\"_blank\">Otworzsie.org.pl<\/a><\/li>\n<li><a href=\"http:\/\/noweczytanie.pl\/\" target=\"_blank\">noweczytanie.pl<\/a><\/li>\n<li><a href=\"http:\/\/evt.pl\/podkast-wikiradio\/\" target=\"_blank\">WIKIRADIO<\/a><\/li>\n<li><a href=\"http:\/\/wikiepodreczniki.pl\/\" target=\"_blank\">wikipodreczniki<\/a><\/li>\n<li><a href=\"http:\/\/wolnelektury.pl\/\" target=\"_blank\">wolnelektury.pl<\/a><\/li>\n<li><a href=\"http:\/\/wybierzstudia.nauka.gov.pl\/\" target=\"_blank\">Wybierz studia<\/a><\/li>\n<li><a href=\"http:\/\/instrukcja.pl\/\" target=\"_blank\">http:\/\/instrukcja.pl\/<\/a><\/li>\n<li><a href=\"http:\/\/edukacjamedialna.edu.pl\/\" target=\"_blank\">edukacjamedialna.edu.pl<\/a><\/li>\n<li><a href=\"http:\/\/www.nina.gov.pl\/projekty\/\" target=\"_blank\">nina.gov.pl\/projekty<\/a><\/li>\n<li><a href=\"http:\/\/www.nina.gov.pl\/projekty\/\" target=\"_blank\">radiobajka.pl<\/a><\/li>\n<li><a href=\"http:\/\/di.com.pl\/\" target=\"_blank\">Dziennik Internaut\u00f3w<\/a><\/li>\n<li><a href=\"http:\/\/panoptykon.org\/\" target=\"_blank\">Panoptykon.org<\/a><\/li>\n<li><a href=\"http:\/\/wlh.edu.pl\/\" target=\"_blank\">Wielokulturowe Liceum Humanistyczne im. Jacka Kuronia<\/a><\/li>\n<li><a href=\"http:\/\/dzialasz.pl\/\" target=\"_blank\">Dzialasz.pl<\/a><\/li>\n<li><a href=\"http:\/\/koed.org.pl\/\" target=\"_blank\">Koalicja Otwartej Edukacji<\/a><\/li>\n<li><a href=\"http:\/\/www.bednarska.edu.pl\/\" target=\"_blank\">www.bednarska.edu.pl<\/a><\/li>\n<li><a href=\"http:\/\/www.ibe.edu.pl\/pl\/\" target=\"_blank\">Instytut Bada\u0144 Edukacyjnych<\/a><\/li>\n<li><a href=\"http:\/\/www.edukacja.pfron.org.pl\/\" target=\"_blank\">Edukacja dla niepe\u0142nosprawnych<\/a><\/li>\n<li><a href=\"http:\/\/processwork.pl\/katalogkursow\" target=\"_blank\">Instytut Psychologii Procesu<\/a><\/li>\n<li><a href=\"https:\/\/labib.pl\/\" target=\"_blank\">Labib.pl<\/a><\/li>\n<li><a href=\"http:\/\/www.biblioteki.org\/\" target=\"_blank\">Biblioteki.org<\/a><\/li>\n<li><a href=\"http:\/\/www.6latki.men.gov.pl\" target=\"_blank\">6 latki<\/a><\/li>\n<li><a href=\"http:\/\/obcyjezykpolski.interia.pl\/?md=new\" target=\"_blank\">&#8222;Obcy&#8221; j\u0119zyk polski<\/a><\/li>\n<li><a href=\"http:\/\/www.ore.edu.pl\/\" target=\"_blank\">O\u015brodek Rozwoju Edukacji, ore.edu.pl<\/a><\/li>\n<li><a href=\"http:\/\/www.cyfryzacja.gov.pl\/\" target=\"_blank\">Cyfryzacja.gov.pl<\/a><\/li>\n<li><a href=\"http:\/\/www.szkolawspolpracy.pl\/\" target=\"_blank\">Szko\u0142a wsp\u00f3\u0142pracy<\/a><\/li>\n<li><a href=\"http:\/\/www.au3.pl\/\" target=\"_blank\">Edukacja unijna &#8211; Szkolenia<\/a><\/li>\n<li><a href=\"http:\/\/www.ceo.org.pl\/pl\/o-nas\/kontakt-CEO\" target=\"_blank\">Centrum Edukacji Obywatelskiej<\/a><\/li>\n<li><a href=\"http:\/\/edudemo.org.pl\/\" target=\"_blank\">Fundacja &#8222;Edukacja Dla Demokracji&#8221;<\/a><\/li>\n<li><a href=\"http:\/\/pl.wikipedia.org\/wiki\/System_o%C5%9Bwiaty_w_Polsce\" target=\"_blank\">System edukacji w Polsce &#8211; Wiki<\/a><\/li>\n<li><a href=\"http:\/\/centrumcyfrowe.pl\/\" target=\"_blank\">centrumcyfrowe.pl<\/a><\/li>\n<li><a href=\"http:\/\/www.mazovia.pl\/edukacja-i-sport\/\" target=\"_blank\"><strong>Edukacja i sport<\/strong><\/a><\/li>\n<li><a href=\"http:\/\/www.akademia.mazovia.pl\/\" target=\"_blank\">Dzieci\u0119ca Akademia Przysz\u0142o\u015bci<\/a><\/li>\n<li><a href=\"http:\/\/www.instytutobywatelski.pl\/wp-content\/uploads\/2012\/10\/ekonomiajestprosta.pdf\" target=\"_blank\">Ekonomia jest prosta &#8211; broszura Instytutu Obywatelskiego<\/a><\/li>\n<li><a href=\"http:\/\/www.instytutobywatelski.pl\/wp-content\/uploads\/2013\/10\/demokracja_www_11.10.pdf\" target=\"_blank\">Demokracja to my &#8211; broszura IO<\/a><\/li>\n<\/ul>\n<ul>\n<li><a href=\"akademiaumiejetnosci.com\" target=\"_blank\">Akademia Umiej\u0119tno\u015bci<\/a><\/li>\n<li><a href=\"http:\/\/www.civilia.pl\/\" target=\"_blank\">Portal Edukacji Medialnej<\/a><\/li>\n<li><a href=\"http:\/\/www.youtube.com\/user\/fundacjado?feature=watch\" target=\"_blank\">Fundacja Dobrego Odbioru<\/a><\/li>\n<li><a href=\"http:\/\/ogladaj-legalne.pl\/\" target=\"_blank\">ogladaj-legalne.pl<\/a><\/li>\n<li><a href=\"http:\/\/www.mymemorytranslated.net\" target=\"_blank\">mymemory.translated.net<\/a><\/li>\n<li><a href=\"http:\/\/www.busuu.com\/pl\/\" target=\"_blank\">busuu.com<\/a><\/li>\n<li><a href=\"http:\/\/allenglish.blox.pl\/html\" target=\"_blank\">allenglish.blox.pl\/html<\/a><\/li>\n<\/ul>\n","protected":false},"excerpt":{"rendered":"<p>Ministerstwo Edukacji Narodowej Plac\u00f3wki o\u015bwiatowe na Mazowszu Federacja Inicjatyw O\u015bwiatowych na Mazowszu Otworzsie.org.pl noweczytanie.pl WIKIRADIO wikipodreczniki wolnelektury.pl Wybierz studia http:\/\/instrukcja.pl\/ edukacjamedialna.edu.pl nina.gov.pl\/projekty radiobajka.pl Dziennik Internaut\u00f3w Panoptykon.org Wielokulturowe Liceum Humanistyczne im. Jacka Kuronia Dzialasz.pl Koalicja Otwartej Edukacji www.bednarska.edu.pl Instytut Bada\u0144 Edukacyjnych Edukacja dla niepe\u0142nosprawnych Instytut Psychologii Procesu Labib.pl Biblioteki.org 6 latki &#8222;Obcy&#8221; j\u0119zyk polski O\u015brodek Rozwoju [&hellip;]<\/p>\n","protected":false},"author":2,"featured_media":0,"parent":3634,"menu_order":8,"comment_status":"open","ping_status":"open","template":"","meta":[],"_links":{"self":[{"href":"https:\/\/regionmazowsze.pl\/index.php?rest_route=\/wp\/v2\/pages\/8731"}],"collection":[{"href":"https:\/\/regionmazowsze.pl\/index.php?rest_route=\/wp\/v2\/pages"}],"about":[{"href":"https:\/\/regionmazowsze.pl\/index.php?rest_route=\/wp\/v2\/types\/page"}],"author":[{"embeddable":true,"href":"https:\/\/regionmazowsze.pl\/index.php?rest_route=\/wp\/v2\/users\/2"}],"replies":[{"embeddable":true,"href":"https:\/\/regionmazowsze.pl\/index.php?rest_route=%2Fwp%2Fv2%2Fcomments&post=8731"}],"version-history":[{"count":57,"href":"https:\/\/regionmazowsze.pl\/index.php?rest_route=\/wp\/v2\/pages\/8731\/revisions"}],"predecessor-version":[{"id":11587,"href":"https:\/\/regionmazowsze.pl\/index.php?rest_route=\/wp\/v2\/pages\/8731\/revisions\/11587"}],"up":[{"embeddable":true,"href":"https:\/\/regionmazowsze.pl\/index.php?rest_route=\/wp\/v2\/pages\/3634"}],"wp:attachment":[{"href":"https:\/\/regionmazowsze.pl\/index.php?rest_route=%2Fwp%2Fv2%2Fmedia&parent=8731"}],"curies":[{"name":"wp","href":"https:\/\/api.w.org\/{rel}","templated":true}]}}