{"id":7717,"date":"2011-10-17T10:05:27","date_gmt":"2011-10-17T09:05:27","guid":{"rendered":"http:\/\/regionmazowsze.pl\/?page_id=7717"},"modified":"2015-03-01T13:14:31","modified_gmt":"2015-03-01T12:14:31","slug":"pacjent","status":"publish","type":"page","link":"https:\/\/regionmazowsze.pl\/?page_id=7717","title":{"rendered":"Pacjenci"},"content":{"rendered":"<ul>\n<li><a href=\"http:\/\/regionmazowsze.pl\/?tag=zdrowie\" target=\"_blank\">Artyku\u0142y o zdrowiu<\/a><\/li>\n<li><a href=\"http:\/\/regionmazowsze.pl\/prawo\/ubezpieczenia\/\" target=\"_blank\">Ubezpieczenia<\/a><\/li>\n<li><a href=\"https:\/\/zip.nfz.gov.pl\/ap-portal\/\" target=\"_blank\">Zintegrowany Informator Pacjenta<\/a><\/li>\n<li><a href=\"http:\/\/www.nfz.gov.pl\/new\/index.php?katnr=9\" target=\"_blank\">eWu\u015b, nfz.gov.pl<\/a><\/li>\n<li><a href=\"http:\/\/www.dlapacjenta.mz.gov.pl\/\" target=\"_blank\">www.dlapacjenta.mz.gov.pl\/<\/a><\/li>\n<li><a href=\"http:\/\/www.mz.gov.pl\/wwwmz\/index?mr=m0821&amp;ms=82&amp;ml=pl&amp;mi=653&amp;mx=0&amp;ma=1652\" target=\"_blank\">Ministerstwo Zdrowia<\/a> \/ <a href=\"http:\/\/www.mz.gov.pl\/wwwmz\/index?mr=m0821&amp;ms=82&amp;ml=pl&amp;mi=653&amp;mx=0&amp;ma=1652\" target=\"_blank\">Konsultanci krajowi i wojew\u00f3dzcy<\/a><\/li>\n<li><a href=\"http:\/\/www.bpp.gov.pl\/\" target=\"_blank\">Rzecznik Praw Pacjenta<\/a><\/li>\n<li><a href=\"http:\/\/wyborcza.pl\/1,112024,10894386,Leki___bieg_na_orientacje.html\" target=\"_blank\">Zanim p\u00f3jdziesz do lekarza, wyborcza.pl<\/a><\/li>\n<li><a href=\"http:\/\/ef.org.pl\/\" target=\"_blank\">Fundacja eFkropka<\/a><\/li>\n<li><a href=\"http:\/\/www.dlapacjenta.mz.gov.pl\" target=\"_blank\">Dla Pacjenta &#8211; refundacja<\/a><\/li>\n<li><a href=\" http:\/\/www.prawapacjenta.eu\/\" target=\"_blank\">Prawa Pacjenta<\/a><\/li>\n<li><a href=\"http:\/\/regionmazowsze.pl\/?p=7719\" target=\"_blank\"> Narodzie, myj r\u0119ce<\/a><\/li>\n<li><a href=\"http:\/\/www.mz.gov.pl\/wwwmz\/index?mr=b4&amp;ms=0&amp;ml=pl&amp;mi=0&amp;mx=0&amp;ma=2151\" target=\"_blank\">Leki refundowane<\/a><\/li>\n<li><a href=\"http:\/\/www.nfz.gov.pl\/new\/\" target=\"_blank\">Narodowy Fundusz Zdrowia<\/a><\/li>\n<\/ul>\n<p><strong>Antydepresyjny Telefon Zaufania 22 \/654 40 41<\/strong><\/p>\n","protected":false},"excerpt":{"rendered":"<p>Artyku\u0142y o zdrowiu Ubezpieczenia Zintegrowany Informator Pacjenta eWu\u015b, nfz.gov.pl www.dlapacjenta.mz.gov.pl\/ Ministerstwo Zdrowia \/ Konsultanci krajowi i wojew\u00f3dzcy Rzecznik Praw Pacjenta Zanim p\u00f3jdziesz do lekarza, wyborcza.pl Fundacja eFkropka Dla Pacjenta &#8211; refundacja Prawa Pacjenta Narodzie, myj r\u0119ce Leki refundowane Narodowy Fundusz Zdrowia Antydepresyjny Telefon Zaufania 22 \/654 40 41<\/p>\n","protected":false},"author":2,"featured_media":0,"parent":6375,"menu_order":3,"comment_status":"open","ping_status":"open","template":"","meta":[],"_links":{"self":[{"href":"https:\/\/regionmazowsze.pl\/index.php?rest_route=\/wp\/v2\/pages\/7717"}],"collection":[{"href":"https:\/\/regionmazowsze.pl\/index.php?rest_route=\/wp\/v2\/pages"}],"about":[{"href":"https:\/\/regionmazowsze.pl\/index.php?rest_route=\/wp\/v2\/types\/page"}],"author":[{"embeddable":true,"href":"https:\/\/regionmazowsze.pl\/index.php?rest_route=\/wp\/v2\/users\/2"}],"replies":[{"embeddable":true,"href":"https:\/\/regionmazowsze.pl\/index.php?rest_route=%2Fwp%2Fv2%2Fcomments&post=7717"}],"version-history":[{"count":35,"href":"https:\/\/regionmazowsze.pl\/index.php?rest_route=\/wp\/v2\/pages\/7717\/revisions"}],"predecessor-version":[{"id":10861,"href":"https:\/\/regionmazowsze.pl\/index.php?rest_route=\/wp\/v2\/pages\/7717\/revisions\/10861"}],"up":[{"embeddable":true,"href":"https:\/\/regionmazowsze.pl\/index.php?rest_route=\/wp\/v2\/pages\/6375"}],"wp:attachment":[{"href":"https:\/\/regionmazowsze.pl\/index.php?rest_route=%2Fwp%2Fv2%2Fmedia&parent=7717"}],"curies":[{"name":"wp","href":"https:\/\/api.w.org\/{rel}","templated":true}]}}