{"id":7611,"date":"2011-10-16T10:08:23","date_gmt":"2011-10-16T09:08:23","guid":{"rendered":"http:\/\/regionmazowsze.pl\/?page_id=7611"},"modified":"2015-07-19T22:26:44","modified_gmt":"2015-07-19T21:26:44","slug":"inicjatywy-spoleczne","status":"publish","type":"page","link":"https:\/\/regionmazowsze.pl\/?page_id=7611","title":{"rendered":"Inicjatywy pozarz\u0105dowe"},"content":{"rendered":"<ul>\n<li><a href=\"http:\/\/regionmazowsze.pl\/?page_id=3615\">STOP JANOSIKOWE<\/a><\/li>\n<li><a href=\"http:\/\/samorzad.infor.pl\/sektor\/organizacja\/ustroj_i_jednostki\/artykuly\/654789,krajowa_polityka_miejska_nowe_otwarcie.html\" target=\"_blank\">Krajowa Polityka Miejska<\/a><\/li>\n<li><a href=\"http:\/\/kongresruchowmiejskich.pl\/?doing_wp_cron=1357988063.3489348888397216796875\" target=\"_blank\">Kongres Ruch\u00f3w Miejskich<\/a><\/li>\n<li><a href=\"http:\/\/zasobni.pl\/\" target=\"_blank\">Zasobni.pl<\/a><\/li>\n<li><a href=\"http:\/\/www.naszemiasto.pl\/\" target=\"_blank\">naszemiasto.pl<\/a><\/li>\n<li><a href=\"http:\/\/lepszapolska.org\/#o-fundacji\" target=\"_blank\">lepszapolska.org<\/a><\/li>\n<li><a href=\"https:\/\/inspro.org.pl\/\" target=\"_blank\">inspro.org.pl<\/a><\/li>\n<li><a href=\"http:\/\/nowyobywatel.pl\/\" target=\"_blank\">nowyobywatel.pl<\/a><\/li>\n<li><a href=\"http:\/\/www.cal.org.pl\/o-nas\/jak-dzialamy\/misja_i_cele\" target=\"_blank\">Centrum Wspierania Aktywno\u015bci Lokalnej<\/a><\/li>\n<li><a href=\"http:\/\/ngos.pl\/content\/view\/1\/5\/\" target=\"_blank\">Instytut Inicjatyw Pozarz\u0105dowych<\/a><\/li>\n<li><a href=\"http:\/\/www.europa.org.pl\/\" target=\"_blank\">Centrum Wspierania Inicjatyw Pozarz\u0105dowych <\/a><\/li>\n<li><a href=\"http:\/\/centrum-dialogu.org.pl\/\" target=\"_blank\">Centrum-dialogu.org.pl<\/a><\/li>\n<li><a href=\"http:\/\/www.ngofund.org.pl\/\" target=\"_blank\">Obywatele dla Demokracji<\/a><\/li>\n<li><a href=\"http:\/\/www.kck.pl\/\" target=\"_blank\">Krajowe Centrum Kompetencji<\/a><\/li>\n<li><a href=\"http:\/\/open-data.org.pl\/\" target=\"_blank\">open-data.org.pl<\/a><\/li>\n<li><a href=\"http:\/\/kodujdlapolski.pl\/\" target=\"_blank\">kodujdlapolski.pl<\/a><\/li>\n<li><a href=\"http:\/\/partycypacjaobywatelska.pl\/\" target=\"_blank\">PARTYCYPACJAOBYWATELSKA.PL<\/a><\/li>\n<li><a href=\"http:\/\/siecsplot.pl\/kontakt\/\" target=\"_blank\"><strong>Sie\u0107 Wspierania Organizacji Pozarz\u0105dowych SPLOT<\/strong><\/a><\/li>\n<li><a href=\"http:\/\/www.mazowia.org.pl\/1,aktualnosci.html\" target=\"_blank\">Mazowia &#8211; Federacja organizacji s\u0142u\u017cebnych<\/a><\/li>\n<li><a href=\"http:\/\/www.wspol.edu.pl\/cmi\/index.php?option=com_weblinks&amp;Itemid=40\" target=\"_blank\">Centrum Monitorowania Inicjatyw Obywatelskich<\/a><\/li>\n<li><a href=\"http:\/\/siecobywatelska.pl\/\" target=\"_blank\">siecobywatelska.pl<\/a><\/li>\n<li><a href=\"http:\/\/www.academia.edu\/3507384\/Poradnik_standardow_dzialania_organizacji_pozarzadowych\" target=\"_blank\">Poradnik standard\u00f3w dzia\u0142ania dla organizacji pozarz\u0105dowych<\/a><\/li>\n<li><a href=\"http:\/\/zpp.pl\/\" target=\"_blank\">Zwi\u0105zek Powiat\u00f3w Polskich<\/a><\/li>\n<li><a href=\"http:\/\/www.fundacjawspomaganiawsi.pl\/index.php\/component\/k2\/item\/224-konkurs-razem89-zapraszamy-do-udzia%C5%82u\" target=\"_blank\">Fundacja Wspomagania Wsi<\/a><\/li>\n<li><a href=\"http:\/\/www.zlecaniezadan.pl\/index\/town\/name\/Warszawa\" target=\"_blank\">Zlecanie zada\u0144.pl<\/a><\/li>\n<li><a href=\"www.decydujmyrazem.pl\/\" target=\"_blank\">decydujmyrazem.pl<\/a><\/li>\n<li><a href=\"http:\/\/www.kfon.pl\/site\/18.dzialalnosc.html\" target=\"_blank\">Krajowe Forum O\u015bwiaty Niepublicznej<\/a><\/li>\n<li><a href=\"http:\/\/wartowiedziec.org\/\" target=\"_blank\">Wartowiedzie\u0107.org<\/a><\/li>\n<li><a href=\"http:\/\/www.ekonomiaspoleczna.pl\/\" target=\"_blank\">ekonomiaspoleczna.pl<\/a><\/li>\n<li><a href=\"http:\/\/e.org.pl\/laboratorium-pomyslow\/\" target=\"_blank\">Laboratorium pomys\u0142\u00f3w<\/a><\/li>\n<li><a href=\"http:\/\/projektpolska.pl\/\" target=\"_blank\">projektpolska.pl<\/a><\/li>\n<li><a href=\"http:\/\/firmyrodzinne.eu\/aktualnosci\" target=\"_blank\">firmyrodzinne.eu<\/a><\/li>\n<li><a href=\"http:\/\/www.fise.org.pl\" target=\"_blank\">Fundacja Inicjatyw Spo\u0142eczno-Ekonomicznych <\/a><\/li>\n<li><a href=\"http:\/\/www.ngo.pl\/\" target=\"_blank\">Portal Organizacji Pozarz\u0105dowych<\/a><\/li>\n<li><a href=\"http:\/\/www.frdl.org.pl\/\" target=\"_blank\">Fundacja Rozwoju Demokracji Lokalnej<\/a><\/li>\n<li><a href=\"http:\/\/faoo.pl\/pl\/\" target=\"_blank\">Fundacja Akademia Organizacji Obywatelskich<\/a><\/li>\n<li><a href=\"http:\/\/www.batory.org.pl\/\" target=\"_blank\">Fundacja im. Stefana Batorego<\/a><\/li>\n<li><a href=\"http:\/\/www.edudemo.org.pl\/\" target=\"_blank\">Fundacja Edukacja dla Demokracji<\/a><\/li>\n<li><a href=\"http:\/\/www.bcc.org.pl\/Dialog-spoleczny.207.0.html\" target=\"_blank\">BCC &#8211; Dialog Spo\u0142eczny<\/a><\/li>\n<li><a href=\"http:\/\/projektpolska.pl\/\" target=\"_blank\">Projekt Polska<\/a><\/li>\n<li><a href=\"http:\/\/www.dzialajlokalnie.pl\/\" target=\"_blank\">Dzia\u0142aj lokalnie<\/a><\/li>\n<li><a href=\"http:\/\/ja-ty-my.org\/\" target=\"_blank\">ja-ty-my.org<\/a><\/li>\n<li><strong><a href=\"http:\/\/wiedzalokalna.pl\/\" target=\"_blank\">Wiedzalokalna.pl<\/a>\u00a0<\/strong><\/li>\n<li><a href=\"http:\/\/technologie.ngo.pl\/x\/869140?docId=940128\" target=\"_blank\">Technologie.ngo.pl<\/a><\/li>\n<li><a title=\"Warszawa - miasto dla ludzi\" href=\"http:\/\/m20.waw.pl\/o-nas\/\" target=\"_blank\">Warszawa &#8211; miasto dla ludzi<\/a><\/li>\n<li><a href=\"http:\/\/fise.org.pl\/\" target=\"_blank\">Fundacja Inicjatyw Spo\u0142eczno-Ekonomicznych<\/a>\/<a href=\"http:\/\/www.wybieram.es\/\" target=\"_blank\">Przedsi\u0119biorstwa spo\u0142eczne<\/a><\/li>\n<li><a href=\"http:\/\/www.ngo.pl\" target=\"_blank\">Organizacje pozarz\u0105dowe<\/a><\/li>\n<li><a href=\"http:\/\/www.ngofund.org.pl\/projekty-systemowe\/\" target=\"_blank\">Obywatele dla demokracji<\/a><\/li>\n<li><a href=\"http:\/\/www.pogotowiedziennikarskie.pl\/\" target=\"_blank\">Pogotowie Dziennikarskie<\/a><\/li>\n<li><a href=\"http:\/\/ffi.org.pl\/index.php?projekt=Badania%20dla%20Rozwoju%20Mazowsza&amp;woj=mazow&amp;id=aktualnosci&amp;num=1616\" target=\"_blank\">Fundacja &#8222;Fundusz Inicjatyw&#8221;\/ Badania dla rozwoju Mazowsza<\/a><\/li>\n<li><a href=\"http:\/\/www.hfhrpol.waw.pl\/pliki\/ulotka_pomoc.pdf\">Pomoc prawna dla os\u00f3b ubogich<\/a><\/li>\n<li><a href=\"http:\/\/www.facebook.com\/MarzycielskaPoczta\" target=\"_blank\">Marzycielska Poczta<\/a><\/li>\n<li><a href=\"http:\/\/www.lgo.pl\/\">Stowarzyszenie Lider\u00f3w Lokalnych Grup Obywatelskich<\/a><\/li>\n<li><a href=\"http:\/\/www.informacjapubliczna.org.pl\/\">Pozarz\u0105dowe Centrum Dost\u0119pu do Informacji Publicznej<\/a><\/li>\n<li><a href=\"http:\/\/ceo.org.pl\" target=\"_blank\">Centrum Edukacji Obywatelskiej<\/a><\/li>\n<li><a href=\"http:\/\/www.synapsis.waw.pl\/\" target=\"_blank\">Fundacja na rzecz os\u00f3b z autyzmem<\/a><\/li>\n<li><a href=\"http:\/\/www.serceserc.pl\/index.php?option=com_content&amp;task=view&amp;id=49&amp;Itemid=66\">Fundacja na rzecz zwierz\u0105t &#8222;Serce serc&#8221;<\/a><\/li>\n<li><a href=\"http:\/\/www.pah.org.pl\/\" target=\"_blank\">Polska Akcja Humanitarna<\/a> \/ <a href=\"http:\/\/www.facebook.com\/PajacykPL\" target=\"_blank\">Pajacyk &#8211; Polska Akcja Humanitarna<\/a><\/li>\n<li><a href=\"http:\/\/www.jawisla.pl\" target=\"_blank\"> Fundacja &#8222;Ja Wis\u0142a&#8221;<\/a><\/li>\n<li><a href=\"http:\/\/www.panoptykon.org\/wiadomosc\/relacja-video-z-debaty-z-premierem-18-maja\">Fundacja Panoptikon<\/a> &#8211; Nowoczesne technologie i my<\/li>\n<li><a href=\"http:\/\/www.siskom.waw.pl\">siskom.waw.pl &#8211; Stowarzyszenie popieraj\u0105ce rozw\u00f3j struktury komunikacyjnej w Warszawie<\/a><\/li>\n<li><a href=\"http:\/\/www.filantropia.org.pl\/\">Filantropia.org.pl<\/a><\/li>\n<li><strong><a href=\"http:\/\/inspro.org.pl\/\" target=\"_blank\">Instytut Spraw Obywatelskich<\/a><\/strong><\/li>\n<li><a href=\"http:\/\/www.forumodnowa.pl\/\" target=\"_blank\">Forumodnowa.pl<\/a><\/li>\n<li><a href=\"https:\/\/mamzdanie.org.pl\/web\/guest;jsessionid=2A5A17301EBE851A2D30DBFBCABC4171\" target=\"_blank\">MAMZDANIE.ORG<\/a><\/li>\n<li><a href=\"http:\/\/www.ngo.pl\" target=\"_blank\">Organizacje pozarz\u0105dowe<\/a><\/li>\n<li><a href=\"http:\/\/www.lgo.pl\/\">Stowarzyszenie Lider\u00f3w Lokalnych Grup Obywatelskich<\/a><\/li>\n<li><a href=\"http:\/\/www.informacjapubliczna.org.pl\/\">Pozarz\u0105dowe Centrum Dost\u0119pu do Informacji Publicznej<\/a><\/li>\n<li><a href=\"http:\/\/www.synapsis.waw.pl\/\" target=\"_blank\">Fundacja na rzecz os\u00f3b z autyzmem<\/a><\/li>\n<li><a href=\"http:\/\/www.serceserc.pl\/index.php?option=com_content&amp;task=view&amp;id=49&amp;Itemid=66\">Fundacja na rzecz zwierz\u0105t &#8222;Serce serc&#8221;<\/a><\/li>\n<li><a href=\"http:\/\/www.pah.org.pl\/\" target=\"_blank\">Polska Akcja Humanitarna<\/a><\/li>\n<li><a href=\"http:\/\/www.re-blok.pl\/\">Reaktywacja blokowisk<\/a><\/li>\n<li><a href=\"http:\/\/www.siskom.waw.pl\">siskom.waw.pl &#8211; Stowarzyszenie popieraj\u0105ce rozw\u00f3j struktury komunikacyjnej w Warszawie<\/a><\/li>\n<li><a href=\"https:\/\/prowly.com\/\" target=\"_blank\">prowly.com<\/a><\/li>\n<li><a href=\"http:\/\/regionmazowsze.pl\/?page_id=4955\" target=\"_blank\">ZOBACZ WI\u0118CEJ<\/a><\/li>\n<\/ul>\n","protected":false},"excerpt":{"rendered":"<p>STOP JANOSIKOWE Krajowa Polityka Miejska Kongres Ruch\u00f3w Miejskich Zasobni.pl naszemiasto.pl lepszapolska.org inspro.org.pl nowyobywatel.pl Centrum Wspierania Aktywno\u015bci Lokalnej Instytut Inicjatyw Pozarz\u0105dowych Centrum Wspierania Inicjatyw Pozarz\u0105dowych Centrum-dialogu.org.pl Obywatele dla Demokracji Krajowe Centrum Kompetencji open-data.org.pl kodujdlapolski.pl PARTYCYPACJAOBYWATELSKA.PL Sie\u0107 Wspierania Organizacji Pozarz\u0105dowych SPLOT Mazowia &#8211; Federacja organizacji s\u0142u\u017cebnych Centrum Monitorowania Inicjatyw Obywatelskich siecobywatelska.pl Poradnik standard\u00f3w dzia\u0142ania dla organizacji pozarz\u0105dowych [&hellip;]<\/p>\n","protected":false},"author":2,"featured_media":0,"parent":6952,"menu_order":3,"comment_status":"open","ping_status":"open","template":"","meta":[],"_links":{"self":[{"href":"https:\/\/regionmazowsze.pl\/index.php?rest_route=\/wp\/v2\/pages\/7611"}],"collection":[{"href":"https:\/\/regionmazowsze.pl\/index.php?rest_route=\/wp\/v2\/pages"}],"about":[{"href":"https:\/\/regionmazowsze.pl\/index.php?rest_route=\/wp\/v2\/types\/page"}],"author":[{"embeddable":true,"href":"https:\/\/regionmazowsze.pl\/index.php?rest_route=\/wp\/v2\/users\/2"}],"replies":[{"embeddable":true,"href":"https:\/\/regionmazowsze.pl\/index.php?rest_route=%2Fwp%2Fv2%2Fcomments&post=7611"}],"version-history":[{"count":86,"href":"https:\/\/regionmazowsze.pl\/index.php?rest_route=\/wp\/v2\/pages\/7611\/revisions"}],"predecessor-version":[{"id":11599,"href":"https:\/\/regionmazowsze.pl\/index.php?rest_route=\/wp\/v2\/pages\/7611\/revisions\/11599"}],"up":[{"embeddable":true,"href":"https:\/\/regionmazowsze.pl\/index.php?rest_route=\/wp\/v2\/pages\/6952"}],"wp:attachment":[{"href":"https:\/\/regionmazowsze.pl\/index.php?rest_route=%2Fwp%2Fv2%2Fmedia&parent=7611"}],"curies":[{"name":"wp","href":"https:\/\/api.w.org\/{rel}","templated":true}]}}