{"id":6952,"date":"2011-09-30T16:56:21","date_gmt":"2011-09-30T15:56:21","guid":{"rendered":"http:\/\/regionmazowsze.pl\/?page_id=6952"},"modified":"2015-05-10T00:51:15","modified_gmt":"2015-05-09T23:51:15","slug":"inicjatywy-2","status":"publish","type":"page","link":"https:\/\/regionmazowsze.pl\/?page_id=6952","title":{"rendered":"Inicjatywy"},"content":{"rendered":"<ul>\n<li><a href=\"http:\/\/bip.kprm.gov.pl\/portal\/kpr\/69\/616\/Rozporzadzenie_Rady_Ministrow_z_dnia_22_sierpnia_2011_r_w_sprawie_zglaszania_zai.html\" target=\"_blank\">R O Z P O R Z \u0104 D Z E N I E RADY MINISTR\u00d3W z dnia 22 sierpnia 2011 r. w sprawie zg\u0142aszania zainteresowania pracami nad projektami akt\u00f3w normatywnych oraz projektami za\u0142o\u017ce\u0144 projekt\u00f3w ustaw <\/a><\/li>\n<li><a href=\"https:\/\/mamzdanie.org.pl\/web\/guest;jsessionid=2A5A17301EBE851A2D30DBFBCABC4171\" target=\"_blank\">Mamzdanie.org &#8211; konsultacje spo\u0142eczne<\/a><\/li>\n<li><a href=\"http:\/\/regionmazowsze.pl\/?page_id=7807\">Inicjatywy pa\u0144stwowe<\/a><\/li>\n<li><a href=\"http:\/\/regionmazowsze.pl\/?page_id=7611\">Inicjatywy pozarz\u0105dowe<\/a><\/li>\n<li><a href=\"http:\/\/www.ngofund.org.pl\/\" target=\"_blank\">Obywatele dla demokracji<\/a><\/li>\n<li><a href=\"http:\/\/isp.org.pl\/files\/3725583240130007001276593897.pdf\">Czy loterie dobroczynne mog\u0105 by\u0107 \u017ar\u00f3d\u0142em finansowania inicjatyw obywatelskich w Polsce<\/a><\/li>\n<li><a href=\"http:\/\/regionmazowsze.pl\/konsumenci\/inicjatywy-2\/sprawdz-posla-swego\/\" target=\"_blank\">Sprawd\u017a Pos\u0142a swego<\/a><\/li>\n<li><a href=\"http:\/\/www.videosejm.pl\" target=\"_blank\">videosejm.pl<\/a><\/li>\n<li><a href=\"http:\/\/www.europarl.europa.eu\/plenary\/pl\/parliamentary-questions.html\" target=\"_blank\">Sprawd\u017a Europos\u0142a<\/a><\/li>\n<li><a href=\"http:\/\/regionmazowsze.pl\/konsumenci\/inicjatywy-2\/wazne\/:\/\/\" target=\"_blank\">Radni &#8211; sprawd\u017a ich<\/a><\/li>\n<li><a href=\"http:\/\/regionmazowsze.pl\/konsumenci\/inicjatywy-2\/wspolpraca-mieszkancow\/\" target=\"_blank\">Wsp\u00f3\u0142praca mieszka\u0144c\u00f3w<\/a><\/li>\n<li><a href=\"http:\/\/www.kampaniespoleczne.pl\/\" target=\"_blank\">kampaniespoleczne.pl<\/a><\/li>\n<li><a href=\"http:\/\/lepszapolska.org\/#o-fundacji\" target=\"_blank\">lepszapolska.org<\/a><\/li>\n<\/ul>\n","protected":false},"excerpt":{"rendered":"<p>R O Z P O R Z \u0104 D Z E N I E RADY MINISTR\u00d3W z dnia 22 sierpnia 2011 r. w sprawie zg\u0142aszania zainteresowania pracami nad projektami akt\u00f3w normatywnych oraz projektami za\u0142o\u017ce\u0144 projekt\u00f3w ustaw Mamzdanie.org &#8211; konsultacje spo\u0142eczne Inicjatywy pa\u0144stwowe Inicjatywy pozarz\u0105dowe Obywatele dla demokracji Czy loterie dobroczynne mog\u0105 by\u0107 \u017ar\u00f3d\u0142em finansowania inicjatyw [&hellip;]<\/p>\n","protected":false},"author":2,"featured_media":0,"parent":2425,"menu_order":0,"comment_status":"open","ping_status":"open","template":"","meta":[],"_links":{"self":[{"href":"https:\/\/regionmazowsze.pl\/index.php?rest_route=\/wp\/v2\/pages\/6952"}],"collection":[{"href":"https:\/\/regionmazowsze.pl\/index.php?rest_route=\/wp\/v2\/pages"}],"about":[{"href":"https:\/\/regionmazowsze.pl\/index.php?rest_route=\/wp\/v2\/types\/page"}],"author":[{"embeddable":true,"href":"https:\/\/regionmazowsze.pl\/index.php?rest_route=\/wp\/v2\/users\/2"}],"replies":[{"embeddable":true,"href":"https:\/\/regionmazowsze.pl\/index.php?rest_route=%2Fwp%2Fv2%2Fcomments&post=6952"}],"version-history":[{"count":39,"href":"https:\/\/regionmazowsze.pl\/index.php?rest_route=\/wp\/v2\/pages\/6952\/revisions"}],"predecessor-version":[{"id":11495,"href":"https:\/\/regionmazowsze.pl\/index.php?rest_route=\/wp\/v2\/pages\/6952\/revisions\/11495"}],"up":[{"embeddable":true,"href":"https:\/\/regionmazowsze.pl\/index.php?rest_route=\/wp\/v2\/pages\/2425"}],"wp:attachment":[{"href":"https:\/\/regionmazowsze.pl\/index.php?rest_route=%2Fwp%2Fv2%2Fmedia&parent=6952"}],"curies":[{"name":"wp","href":"https:\/\/api.w.org\/{rel}","templated":true}]}}