{"id":5857,"date":"2011-08-13T16:37:22","date_gmt":"2011-08-13T15:37:22","guid":{"rendered":"http:\/\/regionmazowsze.pl\/?page_id=5857"},"modified":"2015-03-03T22:06:15","modified_gmt":"2015-03-03T21:06:15","slug":"video-wybory","status":"publish","type":"page","link":"https:\/\/regionmazowsze.pl\/?page_id=5857","title":{"rendered":"Wideo &#8211; wybory"},"content":{"rendered":"<p>Andrzej Halicki w Ostro\u0142\u0119ce &#8211; W samorz\u0105dach nie mo\u017ce by\u0107 politykierstwa a samorz\u0105dowcy musz\u0105 by\u0107 skuteczni, 08.11.2010<br \/>\n<object width=\"503\" height=\"244\" classid=\"clsid:d27cdb6e-ae6d-11cf-96b8-444553540000\" codebase=\"http:\/\/download.macromedia.com\/pub\/shockwave\/cabs\/flash\/swflash.cab#version=6,0,40,0\"><param name=\"allowFullScreen\" value=\"true\" \/><param name=\"allowscriptaccess\" value=\"always\" \/><param name=\"src\" value=\"http:\/\/www.youtube.com\/v\/FKlEdXW4NoQ?fs=1&amp;hl=pl_PL\" \/><param name=\"allowfullscreen\" value=\"true\" \/><embed width=\"503\" height=\"244\" type=\"application\/x-shockwave-flash\" src=\"http:\/\/www.youtube.com\/v\/FKlEdXW4NoQ?fs=1&amp;hl=pl_PL\" allowfullscreen=\"allowfullscreen\" allowscriptaccess=\"always\" allowfullscreen=\"allowfullscreen\" \/><\/object><\/p>\n<p>Wyrok TK w sprawie finansowania partii politycznych, 21.01.2010<\/p>\n<p><object width=\"497\" height=\"242\" classid=\"clsid:d27cdb6e-ae6d-11cf-96b8-444553540000\" codebase=\"http:\/\/download.macromedia.com\/pub\/shockwave\/cabs\/flash\/swflash.cab#version=6,0,40,0\"><param name=\"allowFullScreen\" value=\"true\" \/><param name=\"allowscriptaccess\" value=\"always\" \/><param name=\"src\" value=\"http:\/\/www.youtube.com\/v\/m9KZCOjQJvo&amp;hl=pl_PL&amp;fs=1\" \/><param name=\"allowfullscreen\" value=\"true\" \/><embed width=\"497\" height=\"242\" type=\"application\/x-shockwave-flash\" src=\"http:\/\/www.youtube.com\/v\/m9KZCOjQJvo&amp;hl=pl_PL&amp;fs=1\" allowfullscreen=\"allowfullscreen\" allowscriptaccess=\"always\" allowfullscreen=\"allowfullscreen\" \/><\/object><\/p>\n<p><a href=\"http:\/\/www.rp.pl\/artykul\/389858.html\" target=\"_blank\">Andrzej Halicki dla TV rp.pl &#8211; Nowy kodeks wyborczy dla Polski, 9.11.2009<\/a><\/p>\n<p><object width=\"494\" height=\"244\" classid=\"clsid:d27cdb6e-ae6d-11cf-96b8-444553540000\" codebase=\"http:\/\/download.macromedia.com\/pub\/shockwave\/cabs\/flash\/swflash.cab#version=6,0,40,0\"><param name=\"wmode\" value=\"opaque\" \/><param name=\"FlashVars\" value=\"m=http:\/\/cm2.atmitv.pl\/ContentManager\/utilitiesGetFlashPlayList.go?iid=2071&amp;f=http:\/\/cm2.atmitv.pl\/ContentManager\/swf\/Player.swf&amp;e=1&amp;l=http:\/\/fp3.atmlab.pl\/rp\/rzepaTv.png&amp;h=null\" \/><param name=\"allowFullScreen\" value=\"true\" \/><param name=\"src\" value=\"http:\/\/cm2.atmitv.pl\/ContentManager\/swf\/Player.swf\" \/><param name=\"flashvars\" value=\"m=http:\/\/cm2.atmitv.pl\/ContentManager\/utilitiesGetFlashPlayList.go?iid=2071&amp;e=1&amp;l=http:\/\/fp3.atmlab.pl\/rp\/rzepaTv.png&amp;f=http:\/\/cm2.atmitv.pl\/ContentManager\/swf\/Player.swf&amp;h=null\" \/><param name=\"allowfullscreen\" value=\"true\" \/><embed width=\"494\" height=\"244\" type=\"application\/x-shockwave-flash\" src=\"http:\/\/cm2.atmitv.pl\/ContentManager\/swf\/Player.swf\" wmode=\"opaque\" flashvars=\"m=http:\/\/cm2.atmitv.pl\/ContentManager\/utilitiesGetFlashPlayList.go?iid=2071&amp;f=http:\/\/cm2.atmitv.pl\/ContentManager\/swf\/Player.swf&amp;e=1&amp;l=http:\/\/fp3.atmlab.pl\/rp\/rzepaTv.png&amp;h=null\" allowfullscreen=\"allowfullscreen\" flashvars=\"m=http:\/\/cm2.atmitv.pl\/ContentManager\/utilitiesGetFlashPlayList.go?iid=2071&amp;e=1&amp;l=http:\/\/fp3.atmlab.pl\/rp\/rzepaTv.png&amp;f=http:\/\/cm2.atmitv.pl\/ContentManager\/swf\/Player.swf&amp;h=null\" allowfullscreen=\"allowfullscreen\" \/><\/object><\/p>\n<p><a href=\"http:\/\/www.rp.pl\/artykul\/16,389944_PO_chce_odchudzic_Sejm_i__Senat.html\" target=\"_blank\">Andrzej Halicki &#8211; Odchudzi\u0107 sejm i senat, &#8211; rp.pl, 9.11.2009<\/a><\/p>\n<p><a href=\"http:\/\/strefa-euro.eu\/?p=11568\" target=\"_blank\">O projektach zmian w ordynacjach wyborczych, 29.10.2009<\/a><\/p>\n<p><object width=\"492\" height=\"254\" classid=\"clsid:d27cdb6e-ae6d-11cf-96b8-444553540000\" codebase=\"http:\/\/download.macromedia.com\/pub\/shockwave\/cabs\/flash\/swflash.cab#version=6,0,40,0\"><param name=\"allowFullScreen\" value=\"true\" \/><param name=\"allowscriptaccess\" value=\"always\" \/><param name=\"src\" value=\"http:\/\/www.youtube.com\/v\/vs7o_UwVu8M&amp;hl=pl_PL&amp;fs=1&amp;rel=0\" \/><param name=\"allowfullscreen\" value=\"true\" \/><embed width=\"492\" height=\"254\" type=\"application\/x-shockwave-flash\" src=\"http:\/\/www.youtube.com\/v\/vs7o_UwVu8M&amp;hl=pl_PL&amp;fs=1&amp;rel=0\" allowfullscreen=\"allowfullscreen\" allowscriptaccess=\"always\" allowfullscreen=\"allowfullscreen\" \/><\/object><\/p>\n","protected":false},"excerpt":{"rendered":"<p>Andrzej Halicki w Ostro\u0142\u0119ce &#8211; W samorz\u0105dach nie mo\u017ce by\u0107 politykierstwa a samorz\u0105dowcy musz\u0105 by\u0107 skuteczni, 08.11.2010 Wyrok TK w sprawie finansowania partii politycznych, 21.01.2010 Andrzej Halicki dla TV rp.pl &#8211; Nowy kodeks wyborczy dla Polski, 9.11.2009 Andrzej Halicki &#8211; Odchudzi\u0107 sejm i senat, &#8211; rp.pl, 9.11.2009 O projektach zmian w ordynacjach wyborczych, 29.10.2009<\/p>\n","protected":false},"author":2,"featured_media":0,"parent":3688,"menu_order":10,"comment_status":"open","ping_status":"open","template":"","meta":[],"_links":{"self":[{"href":"https:\/\/regionmazowsze.pl\/index.php?rest_route=\/wp\/v2\/pages\/5857"}],"collection":[{"href":"https:\/\/regionmazowsze.pl\/index.php?rest_route=\/wp\/v2\/pages"}],"about":[{"href":"https:\/\/regionmazowsze.pl\/index.php?rest_route=\/wp\/v2\/types\/page"}],"author":[{"embeddable":true,"href":"https:\/\/regionmazowsze.pl\/index.php?rest_route=\/wp\/v2\/users\/2"}],"replies":[{"embeddable":true,"href":"https:\/\/regionmazowsze.pl\/index.php?rest_route=%2Fwp%2Fv2%2Fcomments&post=5857"}],"version-history":[{"count":22,"href":"https:\/\/regionmazowsze.pl\/index.php?rest_route=\/wp\/v2\/pages\/5857\/revisions"}],"predecessor-version":[{"id":11079,"href":"https:\/\/regionmazowsze.pl\/index.php?rest_route=\/wp\/v2\/pages\/5857\/revisions\/11079"}],"up":[{"embeddable":true,"href":"https:\/\/regionmazowsze.pl\/index.php?rest_route=\/wp\/v2\/pages\/3688"}],"wp:attachment":[{"href":"https:\/\/regionmazowsze.pl\/index.php?rest_route=%2Fwp%2Fv2%2Fmedia&parent=5857"}],"curies":[{"name":"wp","href":"https:\/\/api.w.org\/{rel}","templated":true}]}}