{"id":5723,"date":"2011-08-12T23:43:50","date_gmt":"2011-08-12T22:43:50","guid":{"rendered":"http:\/\/regionmazowsze.pl\/?page_id=5723"},"modified":"2015-08-23T17:38:49","modified_gmt":"2015-08-23T16:38:49","slug":"warto-wiedziec","status":"publish","type":"page","link":"https:\/\/regionmazowsze.pl\/?page_id=5723","title":{"rendered":"Warto wiedzie\u0107"},"content":{"rendered":"<ul>\n<li><a href=\"http:\/\/gmina-europa.pap.pl\/palio\/html.run?_Instance=cms_samorzad.pap.pl \" target=\"_blank\">Gmina-Europa.PAP.pl<\/a><\/li>\n<li><a href=\"http:\/\/www.mamprawowiedziec.pl\" target=\"_blank\">Mamprawowiedziec.pl<\/a><\/li>\n<li><a href=\"http:\/\/www.cie.gov.pl\/HLP\/files.nsf\/0\/7329B533492734EDC1256F1700321455\/$file\/InformatorCDE.pdf\" target=\"_blank\">Centra Dokumentacji Europejskiej w Polsce &#8211; poradnik<\/a><\/li>\n<li><a href=\"http:\/\/www.sejm.gov.pl\/wydarzenia\/przeglad\/przeglad.htm\" target=\"_blank\">Przegl\u0105d Sejmowy<\/a><\/li>\n<li><a href=\"http:\/\/www.isp.org.pl\/\" target=\"_blank\">Instytut Spraw Publicznych<\/a><\/li>\n<li><a href=\"http:\/\/www.stat.gov.pl\/\" target=\"_blank\">G\u0142\u00f3wny Urz\u0105d Statystyczny<\/a><\/li>\n<li><a href=\"http:\/\/prawo.vagla.pl\/\" target=\"_blank\">Prawo.vagla.pl<\/a><\/li>\n<li><a href=\"http:\/\/www.tvnwarszawa.pl\" target=\"_blank\">TVN Warszawa<\/a><\/li>\n<li><a href=\"http:\/\/jaknapisac.net\/esej.html\" target=\"_blank\">jaknapisac.net<\/a><\/li>\n<\/ul>\n","protected":false},"excerpt":{"rendered":"<p>Gmina-Europa.PAP.pl Mamprawowiedziec.pl Centra Dokumentacji Europejskiej w Polsce &#8211; poradnik Przegl\u0105d Sejmowy Instytut Spraw Publicznych G\u0142\u00f3wny Urz\u0105d Statystyczny Prawo.vagla.pl TVN Warszawa jaknapisac.net<\/p>\n","protected":false},"author":2,"featured_media":0,"parent":2387,"menu_order":3,"comment_status":"open","ping_status":"open","template":"","meta":[],"_links":{"self":[{"href":"https:\/\/regionmazowsze.pl\/index.php?rest_route=\/wp\/v2\/pages\/5723"}],"collection":[{"href":"https:\/\/regionmazowsze.pl\/index.php?rest_route=\/wp\/v2\/pages"}],"about":[{"href":"https:\/\/regionmazowsze.pl\/index.php?rest_route=\/wp\/v2\/types\/page"}],"author":[{"embeddable":true,"href":"https:\/\/regionmazowsze.pl\/index.php?rest_route=\/wp\/v2\/users\/2"}],"replies":[{"embeddable":true,"href":"https:\/\/regionmazowsze.pl\/index.php?rest_route=%2Fwp%2Fv2%2Fcomments&post=5723"}],"version-history":[{"count":12,"href":"https:\/\/regionmazowsze.pl\/index.php?rest_route=\/wp\/v2\/pages\/5723\/revisions"}],"predecessor-version":[{"id":11647,"href":"https:\/\/regionmazowsze.pl\/index.php?rest_route=\/wp\/v2\/pages\/5723\/revisions\/11647"}],"up":[{"embeddable":true,"href":"https:\/\/regionmazowsze.pl\/index.php?rest_route=\/wp\/v2\/pages\/2387"}],"wp:attachment":[{"href":"https:\/\/regionmazowsze.pl\/index.php?rest_route=%2Fwp%2Fv2%2Fmedia&parent=5723"}],"curies":[{"name":"wp","href":"https:\/\/api.w.org\/{rel}","templated":true}]}}