{"id":5454,"date":"2011-08-11T08:07:52","date_gmt":"2011-08-11T07:07:52","guid":{"rendered":"http:\/\/regionmazowsze.pl\/?page_id=5454"},"modified":"2014-02-23T22:19:39","modified_gmt":"2014-02-23T21:19:39","slug":"sprawiedliwosc","status":"publish","type":"page","link":"https:\/\/regionmazowsze.pl\/?page_id=5454","title":{"rendered":"Sprawiedliwo\u015b\u0107"},"content":{"rendered":"<ul>\n<li><a href=\"http:\/\/oide.sejm.gov.pl\/oide\/index.php?option=com_content&amp;view=article&amp;id=14406&amp;Itemid=340\" target=\"_blank\"> Przestrze\u0144 wolno\u015bci, bezpiecze\u0144stwa i sprawiedliwo\u015bci<\/a><\/li>\n<\/ul>\n<ul>\n<li><a href=\" http:\/\/regionmazowsze.pl\/?page_id=3351\" target=\"_blank\"> Wi\u0119cej o s\u0105downictwie<\/a><\/li>\n<\/ul>\n","protected":false},"excerpt":{"rendered":"<p>Przestrze\u0144 wolno\u015bci, bezpiecze\u0144stwa i sprawiedliwo\u015bci Wi\u0119cej o s\u0105downictwie<\/p>\n","protected":false},"author":2,"featured_media":0,"parent":449,"menu_order":7,"comment_status":"open","ping_status":"open","template":"","meta":[],"_links":{"self":[{"href":"https:\/\/regionmazowsze.pl\/index.php?rest_route=\/wp\/v2\/pages\/5454"}],"collection":[{"href":"https:\/\/regionmazowsze.pl\/index.php?rest_route=\/wp\/v2\/pages"}],"about":[{"href":"https:\/\/regionmazowsze.pl\/index.php?rest_route=\/wp\/v2\/types\/page"}],"author":[{"embeddable":true,"href":"https:\/\/regionmazowsze.pl\/index.php?rest_route=\/wp\/v2\/users\/2"}],"replies":[{"embeddable":true,"href":"https:\/\/regionmazowsze.pl\/index.php?rest_route=%2Fwp%2Fv2%2Fcomments&post=5454"}],"version-history":[{"count":6,"href":"https:\/\/regionmazowsze.pl\/index.php?rest_route=\/wp\/v2\/pages\/5454\/revisions"}],"predecessor-version":[{"id":10436,"href":"https:\/\/regionmazowsze.pl\/index.php?rest_route=\/wp\/v2\/pages\/5454\/revisions\/10436"}],"up":[{"embeddable":true,"href":"https:\/\/regionmazowsze.pl\/index.php?rest_route=\/wp\/v2\/pages\/449"}],"wp:attachment":[{"href":"https:\/\/regionmazowsze.pl\/index.php?rest_route=%2Fwp%2Fv2%2Fmedia&parent=5454"}],"curies":[{"name":"wp","href":"https:\/\/api.w.org\/{rel}","templated":true}]}}