{"id":5263,"date":"2011-08-10T10:24:13","date_gmt":"2011-08-10T09:24:13","guid":{"rendered":"http:\/\/regionmazowsze.pl\/?page_id=5263"},"modified":"2016-03-03T20:58:10","modified_gmt":"2016-03-03T19:58:10","slug":"pod-ochrona","status":"publish","type":"page","link":"https:\/\/regionmazowsze.pl\/?page_id=5263","title":{"rendered":"Pod ochron\u0105"},"content":{"rendered":"<p>Zobacz te\u017c:<\/p>\n<p><strong><a href=\"http:\/\/regionmazowsze.pl\/?page_id=5401\" target=\"_blank\">POMOC-OPIEKA-ZDROWI<\/a><a href=\"http:\/\/regionmazowsze.pl\/?page_id=5401\" target=\"_blank\">E<\/a><\/strong><\/p>\n<p><strong><span style=\"color: #993366;\">Policja 997 &#8211;\u00a0 Stra\u017c po\u017carna 997 &#8211; Pogotowie 999<\/span> <\/strong><\/p>\n<p><strong>Dopalacze: 800 060 800<\/strong><\/p>\n<p><strong><span style=\"color: #993366;\">112 &#8211; Europejski numer alarmowy<\/span><br \/>\n<\/strong><\/p>\n<p><strong>Pogotowie g\u00f3rskie: 601 100 300<\/strong><\/p>\n<p><strong>Pogotowie wodne:\u00a0 601 100 100<\/strong><\/p>\n<ul>\n<li><strong> <a href=\"http:\/\/panoramafirm.pl\/wa%C5%BCne_telefony_-_zaufania?cmpid=cpc_sem_google_dsa-pf&amp;gclid=CJbcrNvzhr8CFbDJtAodYGwAuw\" target=\"_blank\">TELEFONY ZAUFANIA<\/a> \/ <a href=\"http:\/\/www.childalert.pl\/\" target=\"_blank\">Child Alert 995<\/a> <\/strong><\/li>\n<li><strong><a href=\"http:\/\/www.mazowieckie.pl\/pl\/urzad\/polityka-spoleczna\/pomoc-dla-bezdomnych\/9069,dok.html\" target=\"_blank\">Pomoc dla bezdomnych 987<\/a><\/strong><\/li>\n<li><strong><a href=\"https:\/\/empatia.mpips.gov.pl\/\" target=\"_blank\">Empatia.mpips.gov.pl<\/a><\/strong><\/li>\n<li><strong><a href=\"http:\/\/www.ezdrowie.gov.pl\" target=\"_blank\">ezdrowie.gov.pl<\/a><br \/>\n<\/strong><\/li>\n<li><strong><a href=\"http:\/\/regionmazowsze.pl\/?tag=obywatel\" target=\"_blank\">Artyku\u0142y dot. spraw obywatelskich<\/a><\/strong><\/li>\n<li><strong><a href=\"http:\/\/www.knf.gov.pl\/o_nas\/ostrzezenia_publiczne\/lista_ostrzezenia.html\" target=\"_blank\">Ostrze\u017cenia KNF<\/a><\/strong><\/li>\n<li><strong><a href=\"http:\/\/obywatel.gov.pl\/\" target=\"_blank\">Obywatel.gov.pl<\/a> \/ <a href=\"http:\/\/www.ktopomoze.pl\" target=\"_blank\">ktopomoze.pl<\/a><\/strong><\/li>\n<li><strong><a href=\"http:\/\/www.strazmiejska.waw.pl\/\" target=\"_blank\">strazmiejska.waw.pl<\/a> \/<a href=\"http:\/\/pl.wikipedia.org\/wiki\/Stra%C5%BC_gminna\" target=\"_blank\">stra\u017c gminna<\/a><\/strong><\/li>\n<li><strong><a href=\"http:\/\/www.czk.pl\/\" target=\"_blank\">Centrum Zarz\u0105dzania Kryzysowego<\/a><\/strong><\/li>\n<li><strong><a href=\"http:\/\/rcb.gov.pl\/\" target=\"_blank\">Rz\u0105dowe Centrum Bezpiecze\u0144stwa<\/a><\/strong><\/li>\n<li><strong><a href=\"http:\/\/pokrzywdzeni.gov.pl\/\" target=\"_blank\">Pokrzywdzeni.gov.pl<\/a><\/strong><\/li>\n<li><strong><a href=\"http:\/\/familijny.pl\/gdansk\/biura_porad_prawnych\/chojnice\/repository\/Biura\/Poznan\/pliki%20do%20pobrania\/Poradnik_1.pdf\" target=\"_blank\">Poradnik &#8211; Rzecznik Praw Obywatelskich<\/a><\/strong><\/li>\n<li><strong><a href=\"http:\/\/www.ombudsman.europa.eu\/pl\/home.faces\" target=\"_blank\">Ombudsman.europa.eu\/pl<\/a><\/strong><\/li>\n<li><strong><a href=\"http:\/\/www.mcps.com.pl\/\" target=\"_blank\">Mazowieckie Centrum Pomocy Spo\u0142ecznej<\/a><\/strong><\/li>\n<li><strong><a href=\"http:\/\/www.obronapraw.pl\/pisma.php#a6\" target=\"_blank\">Biuro Porad Obywatelskich<\/a><\/strong><\/li>\n<li><strong><a href=\"http:\/\/interwencjaprawna.pl\/\" target=\"_blank\">Interwencjaprawna.pl<\/a><\/strong><\/li>\n<li><strong><a href=\"http:\/\/pokojadwokacki.pl\/\" target=\"_blank\">Pokojadwokacki.pl<\/a><\/strong><\/li>\n<li><strong><a href=\"http:\/\/uokik.gov.pl\/aktualnosci.php?news_id=10110\" target=\"_blank\">Nie daj si\u0119 nabra\u0107, sprawd\u017a zanim podpiszesz, UOKiK<\/a><\/strong><\/li>\n<li><strong><a href=\"https:\/\/mac.gov.pl\/wp-content\/uploads\/2013\/05\/Ochrona-danych-osobowych-broszura-informacyjna-MAC.pdf\" target=\"_blank\">Ochrona danych osobowych &#8211; MAC ( broszura)<\/a><\/strong><\/li>\n<li>\n<p style=\"text-align: left;\"><a href=\"http:\/\/www.microsoft.com\/pl-pl\/business\/modern-biz\/safeguard-your-business\/cybersecurity-terms-and-tips\/?CR_CC=200572253\" target=\"_blank\">Podr\u0119cznik Cyberbezpiecze\u0144stwa<\/a><\/p>\n<\/li>\n<li><a href=\"https:\/\/www.cybsecurity.org\/\" target=\"_blank\">cybsecurity.org<\/a><\/li>\n<li>\n<p style=\"text-align: left;\"><a href=\"http:\/\/legalnakultura.pl\/pl\/czytelnia-kulturalna\/badania-i-raporty\" target=\"_blank\">legalnakultura.pl<\/a><\/p>\n<\/li>\n<li><strong><a href=\"http:\/\/www.saferinternet.pl\/pl\/\" target=\"_blank\">www.saferinternet.pl\/pl &#8211; Bezpiecze\u0144stwo dzieci i m\u0142odzie\u017cy online\/<\/a><\/strong><\/li>\n<li><strong>RAPORT &#8222;EU KIDS ON LINE&#8221;<\/strong><\/li>\n<li><strong><a href=\"http:\/\/www.helpline.org.pl\/\" target=\"_blank\">HELPLINE.ORG.PL<\/a><\/strong><\/li>\n<li><strong><a href=\"http:\/\/www.dyzurnet.pl\/\" target=\"_blank\">DYZURNET.PL<\/a><\/strong><\/li>\n<li><a href=\"http:\/\/3sprawy.pl\/\" target=\"_blank\">3sprawy.pl<\/a><\/li>\n<li><a href=\"http:\/\/appfunds.blogspot.com\/\" target=\"_blank\">appfunds.blogspot.com<\/a><\/li>\n<li><a href=\"http:\/\/polakpotrafi.pl\/\" target=\"_blank\">Polakpotrafi.pl<\/a><\/li>\n<li><a href=\"http:\/\/samcik.blox.pl\" target=\"_blank\">samcik.blox.pl<\/a><\/li>\n<li><a href=\"http:\/\/www.wikistrat.com\/\" target=\"_blank\">wikistrat.com<\/a><\/li>\n<li><a href=\"http:\/\/crowdfunding.pl\/\" target=\"_blank\">crowdfunding.pl <\/a><\/li>\n<li><a href=\"http:\/\/wspieram.to\" target=\"_blank\">wspieram.to<\/a><\/li>\n<li><a href=\"http:\/\/siepomaga.pl\" target=\"_blank\">siepomaga.pl<\/a><\/li>\n<li><strong><a href=\"http:\/\/www.rpo.gov.pl\/\" target=\"_blank\">Rzecznik Praw Obywatelskich<\/a><\/strong><\/li>\n<li><strong><a href=\"http:\/\/www.isp.org.pl\/decydujmyrazem\/\" target=\"_blank\">Monitoring prawa &#8222;Decydujmy razem&#8221;<\/a><\/strong><\/li>\n<li><strong><a href=\"http:\/\/www.isp.org.pl\/decydujmyrazem\/\" target=\"_blank\">&#8222;<\/a><a href=\"http:\/\/oide.sejm.gov.pl\/oide\/index.php?option=com_content&amp;view=article&amp;id=14406&amp;Itemid=340\" target=\"_blank\">Przestrze\u0144 wolno\u015bci, bezpiecze\u0144stwa i sprawiedliwo\u015bci&#8221;<\/a><\/strong><\/li>\n<li><strong><a href=\"http:\/\/www.pca.gov.pl\/doc\/info\/biala_ksiega_BBN.pdf\" target=\"_blank\">Bia\u0142a Ksi\u0119ga Bezpiecze\u0144stwa Narodowego<\/a><\/strong><\/li>\n<li><strong><a href=\"http:\/\/www.pca.gov.pl\/\" target=\"_blank\">Polskie Centrum Akredytacji<\/a><\/strong><\/li>\n<li><strong><a href=\"http:\/\/www.pcbc.gov.pl\/\" target=\"_blank\">Polskie Centrum Bada\u0144 i Certyfikacji S.A.<\/a><\/strong><\/li>\n<li><strong><a href=\"http:\/\/www.eslubelskie.pl\/strona,klauzule-spoleczne-podstawowe-informacje\" target=\"_blank\">Klauzule spo\u0142eczne<\/a><\/strong><\/li>\n<li><strong><a href=\"http:\/\/regionmazowsze.pl\/prawo\/ubezpieczenia\/\" target=\"_blank\">Ubezpieczenia<\/a><\/strong><\/li>\n<li><strong><a href=\"http:\/\/watchdog.org.pl\/\" target=\"_blank\">Portal Organizacji Stra\u017cniczych<\/a><\/strong><\/li>\n<li><strong><a href=\"http:\/\/www.zbp.pl\/site.php?s=MDAwODU4\" target=\"_blank\">Arbiter bankowy<\/a><\/strong><\/li>\n<li><strong><a href=\"http:\/\/bezrobotny.wieszjak.pl\/\" target=\"_blank\">Bezrobotny &#8211; Wieszjak.pl<\/a><\/strong><\/li>\n<li><strong><a href=\"http:\/\/www.niepelnosprawni.gov.pl\/\" target=\"_blank\">Biuro Pe\u0142nomocnika rz\u0105du ds. os\u00f3b niepe\u0142nosprawnych<\/a><\/strong><\/li>\n<li><strong><a href=\"http:\/\/www.ohirko.pl\/media\/download\/oferta\/bhp\/szkolenia\/ohirko-prezentacja-kierownictwo.pdf\" target=\"_blank\">BHP w pracy<\/a><\/strong><\/li>\n<li><strong><a href=\"http:\/\/alterego.cal.pl\/\" target=\"_blank\">Stowarzyszenie &#8222;Alter ego&#8221;<\/a><\/strong><\/li>\n<li><strong><a href=\"https:\/\/www.facebook.com\/pages\/Pe%C5%82nomocniczka-Rz%C4%85du-do-spraw-R%C3%B3wnego-Traktowania\/367160596632077\" target=\"_blank\">Pe\u0142nomocnik Rz\u0105du do Spraw R\u00f3wnego Traktowania<\/a><\/strong><\/li>\n<li><strong><a href=\"http:\/\/www.rownetraktowanie.gov.pl\/\" target=\"_blank\">rownetraktowanie.gov.pl<\/a><\/strong><\/li>\n<li><strong><a href=\"http:\/\/www.siecrownosci.gov.pl\/\" target=\"_blank\">Sie\u0107 R\u00f3wno\u015bci<\/a><\/strong><\/li>\n<li><strong><a href=\"http:\/\/www.giodo.gov.pl\/\" target=\"_blank\">Generalny Inspektor Ochrony Danych Osobowych<\/a><\/strong><\/li>\n<li><strong><a href=\"http:\/\/di.com.pl\/print\/51888\" target=\"_blank\">Przetwarzanie danych osobowych<\/a><\/strong><\/li>\n<li><strong><a href=\"http:\/\/www.msw.gov.pl\/portal\/pl\/78\/112\/Biuro_Ochrony_Informacji_Niejawnych.html\" target=\"_blank\">Biuro Ochrony Informacji Niejawnych<\/a><\/strong><\/li>\n<li><strong><a href=\"http:\/\/www.rzu.gov.pl\/\" target=\"_blank\">Rzecznik Ubezpieczonych<\/a><\/strong><\/li>\n<li><strong><a href=\"http:\/\/www.uokik.gov.pl\/\" target=\"_blank\">Urz\u0105d Ochrony Konkurencji i Konsument\u00f3w<\/a><\/strong><\/li>\n<li><strong><a href=\"http:\/\/www.bpp.gov.pl\/\">Rzecznik Praw Pacjenta<\/a><\/strong><\/li>\n<li><strong><a href=\"http:\/\/mymind.pl\/#gkHeader\" target=\"_blank\">POMOC PSYCHOLOGICZNA &#8211; mymind.pl<\/a><\/strong><\/li>\n<li><strong><a href=\"http:\/\/www.brpd.gov.pl\/\" target=\"_blank\">Rzecznik Praw Dziecka<\/a><\/strong><\/li>\n<li><strong><a href=\"http:\/\/www.beniamin.pl\/?gclid=CLKylNrm-MYCFcHPcgodGvQGeg\" target=\"_blank\">Ochrona dzieci w sieci<\/a><\/strong><\/li>\n<li><strong><a href=\"http:\/\/www.ngo.pl\" target=\"_blank\">Organizacje pozarz\u0105dowe<\/a><\/strong><\/li>\n<li><strong><a href=\"http:\/\/civicpedia.ngo.pl\/\" target=\"_blank\">Civicpedia.ngo.pl<\/a><\/strong><\/li>\n<li><strong><a href=\"http:\/\/www.hfhr.pl\" target=\"_blank\">Helsi\u0144ska Fundacja Praw Cz\u0142owieka<\/a><\/strong><\/li>\n<li><strong><a href=\"http:\/\/kandydaci2007.home.pl\/mpw\/index.php?option=com_content&amp;task=view&amp;id=134&amp;Itemid=84\" target=\"_blank\">Przewodnik dla Obywatela, mamprawowiedziec.pl<\/a><\/strong><\/li>\n<li><strong><a href=\"https:\/\/www.portalodo.com\/\" target=\"_blank\">Ochrona danych osobowych<\/a><\/strong><\/li>\n<li><strong><a href=\"http:\/\/regionmazowsze.pl\/?page_id=4863\" target=\"_blank\">Informacja publiczna<\/a><\/strong><\/li>\n<li><strong><a href=\"http:\/\/www.interwencja.polsat.pl\" target=\"_blank\">interwencja.polsat.pl<\/a><\/strong><\/li>\n<li><strong><a href=\"http:\/\/specprawnik.pl\/\" target=\"_blank\">http:\/\/specprawnik.pl\/<\/a><\/strong><\/li>\n<li><strong><a href=\"http:\/\/www.msw.gov.pl\/portal\/pl\/227\/3306\/Rada_Dzialalnosci_Pozytku_Publicznego.html\" target=\"_blank\">Rada Dzia\u0142alno\u015bci Po\u017cytku Publicznego<\/a><\/strong><\/li>\n<li><strong><a href=\"http:\/\/www.ips.uw.edu.pl\/\" target=\"_blank\">Instytut Polityki Spo\u0142ecznej UW<\/a><\/strong><\/li>\n<li><strong><a href=\"http:\/\/panorama.media.pl\/content\/view\/348653\/7\/#ixzz2NF9aEOUz\" target=\"_blank\">Zaufajmy s\u0105siadom &#8211; Dwudziestolecie utworzenia samorz\u0105du terytorialnego w\u0142adze Leszna uczci\u0142y seminarium, kt\u00f3rego go\u015bciem specjalnym by\u0142 prof. Jerzy St\u0119pie\u0144, panorama.media.pl, 24.10.2010<\/a><\/strong><\/li>\n<\/ul>\n<p><center><object id=\"flashcontent-8589335487847433190\" width=\"412\" height=\"336\" classid=\"clsid:d27cdb6e-ae6d-11cf-96b8-444553540000\" codebase=\"http:\/\/download.macromedia.com\/pub\/shockwave\/cabs\/flash\/swflash.cab#version=6,0,40,0\"><param name=\"Movie\" value=\"http:\/\/europarltv.europa.eu\/swf\/EmbedPlayer.swf?vid=30443670-4029-441a-8de9-a1bd0125802d&amp;cid=00000000-0000-0000-0000-000000000000&amp;lang=pl&amp;bitrate=&amp;loop=off&amp;autoplay=off&amp;startVolume=medium&amp;showTitle=on&amp;showBottom=on&amp;handlerUrl=http:\/\/europarltv.europa.eu\" \/><param name=\"allowFullScreen\" value=\"true\" \/><param name=\"allowscriptaccess\" value=\"always\" \/><param name=\"scale\" value=\"noscale\" \/><param name=\"salign\" value=\"tl\" \/><param name=\"src\" value=\"http:\/\/europarltv.europa.eu\/swf\/EmbedPlayer.swf?vid=30443670-4029-441a-8de9-a1bd0125802d&amp;cid=00000000-0000-0000-0000-000000000000&amp;lang=pl&amp;bitrate=&amp;loop=off&amp;autoplay=off&amp;startVolume=medium&amp;showTitle=on&amp;showBottom=on&amp;handlerUrl=http:\/\/europarltv.europa.eu\" \/><param name=\"allowfullscreen\" value=\"true\" \/><embed id=\"flashcontent-8589335487847433190\" width=\"412\" height=\"336\" type=\"application\/x-shockwave-flash\" src=\"http:\/\/europarltv.europa.eu\/swf\/EmbedPlayer.swf?vid=30443670-4029-441a-8de9-a1bd0125802d&amp;cid=00000000-0000-0000-0000-000000000000&amp;lang=pl&amp;bitrate=&amp;loop=off&amp;autoplay=off&amp;startVolume=medium&amp;showTitle=on&amp;showBottom=on&amp;handlerUrl=http:\/\/europarltv.europa.eu\" movie=\"http:\/\/europarltv.europa.eu\/swf\/EmbedPlayer.swf?vid=30443670-4029-441a-8de9-a1bd0125802d&amp;cid=00000000-0000-0000-0000-000000000000&amp;lang=pl&amp;bitrate=&amp;loop=off&amp;autoplay=off&amp;startVolume=medium&amp;showTitle=on&amp;showBottom=on&amp;handlerUrl=http:\/\/europarltv.europa.eu\" allowfullscreen=\"allowfullscreen\" allowscriptaccess=\"always\" scale=\"noscale\" salign=\"tl\" allowfullscreen=\"allowfullscreen\" \/><\/object><\/center><\/p>\n","protected":false},"excerpt":{"rendered":"<p>Zobacz te\u017c: POMOC-OPIEKA-ZDROWIE Policja 997 &#8211;\u00a0 Stra\u017c po\u017carna 997 &#8211; Pogotowie 999 Dopalacze: 800 060 800 112 &#8211; Europejski numer alarmowy Pogotowie g\u00f3rskie: 601 100 300 Pogotowie wodne:\u00a0 601 100 100 TELEFONY ZAUFANIA \/ Child Alert 995 Pomoc dla bezdomnych 987 Empatia.mpips.gov.pl ezdrowie.gov.pl Artyku\u0142y dot. spraw obywatelskich Ostrze\u017cenia KNF Obywatel.gov.pl \/ ktopomoze.pl strazmiejska.waw.pl \/stra\u017c gminna [&hellip;]<\/p>\n","protected":false},"author":2,"featured_media":0,"parent":2425,"menu_order":0,"comment_status":"open","ping_status":"open","template":"","meta":[],"_links":{"self":[{"href":"https:\/\/regionmazowsze.pl\/index.php?rest_route=\/wp\/v2\/pages\/5263"}],"collection":[{"href":"https:\/\/regionmazowsze.pl\/index.php?rest_route=\/wp\/v2\/pages"}],"about":[{"href":"https:\/\/regionmazowsze.pl\/index.php?rest_route=\/wp\/v2\/types\/page"}],"author":[{"embeddable":true,"href":"https:\/\/regionmazowsze.pl\/index.php?rest_route=\/wp\/v2\/users\/2"}],"replies":[{"embeddable":true,"href":"https:\/\/regionmazowsze.pl\/index.php?rest_route=%2Fwp%2Fv2%2Fcomments&post=5263"}],"version-history":[{"count":145,"href":"https:\/\/regionmazowsze.pl\/index.php?rest_route=\/wp\/v2\/pages\/5263\/revisions"}],"predecessor-version":[{"id":11728,"href":"https:\/\/regionmazowsze.pl\/index.php?rest_route=\/wp\/v2\/pages\/5263\/revisions\/11728"}],"up":[{"embeddable":true,"href":"https:\/\/regionmazowsze.pl\/index.php?rest_route=\/wp\/v2\/pages\/2425"}],"wp:attachment":[{"href":"https:\/\/regionmazowsze.pl\/index.php?rest_route=%2Fwp%2Fv2%2Fmedia&parent=5263"}],"curies":[{"name":"wp","href":"https:\/\/api.w.org\/{rel}","templated":true}]}}