{"id":5261,"date":"2011-08-10T10:22:57","date_gmt":"2011-08-10T09:22:57","guid":{"rendered":"http:\/\/regionmazowsze.pl\/?page_id=5261"},"modified":"2015-06-06T20:49:37","modified_gmt":"2015-06-06T19:49:37","slug":"rzad","status":"publish","type":"page","link":"https:\/\/regionmazowsze.pl\/?page_id=5261","title":{"rendered":"Instytucje pa\u0144stwowe"},"content":{"rendered":"<ul>\n<li><a href=\"http:\/\/regionmazowsze.pl\/?page_id=2262\" target=\"_blank\">Polska<\/a><\/li>\n<li><a href=\"https:\/\/administracja.mac.gov.pl\/adm?dzial=\" target=\"_blank\">Administracja.mac.gov.pl<\/a><\/li>\n<li><a href=\"http:\/\/danepubliczne.gov.pl\" target=\"_blank\">danepubliczne.gov.pl<\/a><\/li>\n<li><a href=\"http:\/\/www.rcl.gov.pl\/index.php?option=com_content&amp;view=category&amp;layout=blog&amp;id=43&amp;Itemid=62\" target=\"_blank\">Rz\u0105dowe Centrum Legislacji<\/a><\/li>\n<li><a href=\"http:\/\/www.bip.gov.pl\/subjects\" target=\"_blank\">Biuletyn Informacji Publicznej<\/a><\/li>\n<li><a href=\"http:\/\/www.knf.gov.pl\/index.html\" target=\"_blank\">Komisja Nadzoru Finansowego<\/a><\/li>\n<li><a href=\"http:\/\/www.gpw.pl\" target=\"_blank\">Gie\u0142da Papier\u00f3w Warto\u015bciowych<\/a><\/li>\n<li><a href=\"http:\/\/www.uzp.gov.pl\/cmsws\/page\/?F;249;akty_wykonawcze.html\" target=\"_blank\">Urz\u0105d Zam\u00f3wie\u0144 Publicznych<\/a><\/li>\n<li><a href=\"http:\/\/www.cokprm.gov.pl\/2,46,g,akty_prawne_w_pdf,oferta_wydawnicza.html\" target=\"_blank\">Centrum Us\u0142ug Wsp\u00f3lnych<\/a><\/li>\n<li><a href=\"http:\/\/www.paiz.gov.pl\" target=\"_blank\">Polska Agencja Informacji i Inwestycji Zagranicznych <\/a><\/li>\n<li><a href=\"http:\/\/www.ppp.gov.pl\/\" target=\"_blank\">Partnerstwo publiczno-prywatne &#8211; ppp.gov.pl<\/a><\/li>\n<li><a href=\"http:\/\/regionmazowsze.pl\/?page_id=3351s\" target=\"_blank\">S\u0105downictwo<\/a><\/li>\n<li><a href=\"http:\/\/administracja.mac.gov.pl\/portal\/adm\/253\/561\/Organizacja_funkcjonowania_regionalnych_izb_obrachunkowych_i_jej_prawne_podstawy.html\" target=\"_blank\">Regionalne Izby Obrachunkowe<\/a><\/li>\n<li><a href=\"http:\/\/www.kir.com.pl\/\" target=\"_blank\">Krajowa Izba Rozliczeniowa<\/a><\/li>\n<li><a href=\"http:\/\/www.pomocpubliczna.pl\/\" target=\"_blank\">pomocpubliczna.pl<\/a><\/li>\n<\/ul>\n<ul>\n<li><a href=\"http:\/\/www.sejm.gov.pl\/Sejm7.nsf\/page\/adresy_www\" target=\"_blank\"><strong>Linki ze strony sejm.gov.pl<\/strong><\/a><\/li>\n<\/ul>\n","protected":false},"excerpt":{"rendered":"<p>Polska Administracja.mac.gov.pl danepubliczne.gov.pl Rz\u0105dowe Centrum Legislacji Biuletyn Informacji Publicznej Komisja Nadzoru Finansowego Gie\u0142da Papier\u00f3w Warto\u015bciowych Urz\u0105d Zam\u00f3wie\u0144 Publicznych Centrum Us\u0142ug Wsp\u00f3lnych Polska Agencja Informacji i Inwestycji Zagranicznych Partnerstwo publiczno-prywatne &#8211; ppp.gov.pl S\u0105downictwo Regionalne Izby Obrachunkowe Krajowa Izba Rozliczeniowa pomocpubliczna.pl Linki ze strony sejm.gov.pl<\/p>\n","protected":false},"author":2,"featured_media":0,"parent":2262,"menu_order":1,"comment_status":"open","ping_status":"open","template":"","meta":[],"_links":{"self":[{"href":"https:\/\/regionmazowsze.pl\/index.php?rest_route=\/wp\/v2\/pages\/5261"}],"collection":[{"href":"https:\/\/regionmazowsze.pl\/index.php?rest_route=\/wp\/v2\/pages"}],"about":[{"href":"https:\/\/regionmazowsze.pl\/index.php?rest_route=\/wp\/v2\/types\/page"}],"author":[{"embeddable":true,"href":"https:\/\/regionmazowsze.pl\/index.php?rest_route=\/wp\/v2\/users\/2"}],"replies":[{"embeddable":true,"href":"https:\/\/regionmazowsze.pl\/index.php?rest_route=%2Fwp%2Fv2%2Fcomments&post=5261"}],"version-history":[{"count":26,"href":"https:\/\/regionmazowsze.pl\/index.php?rest_route=\/wp\/v2\/pages\/5261\/revisions"}],"predecessor-version":[{"id":11551,"href":"https:\/\/regionmazowsze.pl\/index.php?rest_route=\/wp\/v2\/pages\/5261\/revisions\/11551"}],"up":[{"embeddable":true,"href":"https:\/\/regionmazowsze.pl\/index.php?rest_route=\/wp\/v2\/pages\/2262"}],"wp:attachment":[{"href":"https:\/\/regionmazowsze.pl\/index.php?rest_route=%2Fwp%2Fv2%2Fmedia&parent=5261"}],"curies":[{"name":"wp","href":"https:\/\/api.w.org\/{rel}","templated":true}]}}