{"id":4851,"date":"2011-07-27T12:04:29","date_gmt":"2011-07-27T11:04:29","guid":{"rendered":"http:\/\/regionmazowsze.pl\/?page_id=4851"},"modified":"2015-03-02T00:37:02","modified_gmt":"2015-03-01T23:37:02","slug":"sprawdz-posla-swego","status":"publish","type":"page","link":"https:\/\/regionmazowsze.pl\/?page_id=4851","title":{"rendered":"Sprawd\u017a Pos\u0142a swego"},"content":{"rendered":"<ul>\n<li><a href=\"http:\/\/www.sejmometr.pl\" target=\"_blank\"> Sprawd\u017a Pos\u0142a &#8211; sejmometr.pl<\/a><\/li>\n<li><a href=\"http:\/\/www.sejm.gov.pl\/poslowie\/okregi6.htm\" target=\"_blank\">Pos\u0142owie wg okr\u0119g\u00f3w wyborczych<\/a><\/li>\n<li><a href=\"http:\/\/www.sejm.gov.pl\/Sejm7.nsf\/poslowie.xsp?type=A\" target=\"_blank\">Pos\u0142owie VII kadencji<\/a><\/li>\n<li><a href=\"http:\/\/www.sejm.gov.pl\/poslowie\/lista6.htm\" target=\"_blank\">Pos\u0142owie VI kadencji<\/a><\/li>\n<li><a href=\"http:\/\/www.sejm.gov.pl\/Sejm7.nsf\/SearchResults.xsp?q=interpelacje\" target=\"_blank\">Interpelacje, wypowiedzi poselskie VII kadencji<\/a><\/li>\n<li><a href=\"http:\/\/orka2.sejm.gov.pl\/iz6.nsf\">Interpelacje, wypowiedzi poselskie VI kadencja<\/a><\/li>\n<li><a href=\"http:\/\/www.gazetaprawna.pl\/encyklopedia\/prawo\/hasla\/335809,interpelacja.html\">Co to jest interpelacja?<\/a><\/li>\n<li><a href=\"http:\/\/orka2.sejm.gov.pl\/IZ6.nsf\/3001bd878392962bc12573b500459bdb\/3d3c1a9c5ef68407c12577ae0049dc06?OpenDocument\">Interpelacja Pos\u0142a Andrzeja Halickiego w sprawie zapewnienia bezpiecze\u0144stwa uczestnik\u00f3w procesu szkolno-wychowawczego w szko\u0142ach i poza nimi z 23.09.2010<\/a><\/li>\n<li><a href=\"http:\/\/orka2.sejm.gov.pl\/IZ6.nsf\/3001bd878392962bc12573b500459bdb\/fff74df27795a0db412575150027620e?OpenDocument\">Interpelacja Pos\u0142a Andrzeja Halickiego w sprawie konieczno\u015bci zapewnienia osobom niepe\u0142nosprawnym mo\u017cliwo\u015bci konsultacji z w\u0142adzami w sprawach wa\u017cnych dla ich zdrowia i bezpiecze\u0144stwa, 01.12.2008<\/a><\/li>\n<li><a href=\"http:\/\/orka2.sejm.gov.pl\/IZ6.nsf\/3001bd878392962bc12573b500459bdb\/a843d61e441ca937c12573f0004440fe?OpenDocument\">Interpelacja Pos\u0142a Andrzeja Halickiego w sprawie budowy sieci lotnisk na Mazowszu z 06.02.2008<\/a><\/li>\n<\/ul>\n","protected":false},"excerpt":{"rendered":"<p>Sprawd\u017a Pos\u0142a &#8211; sejmometr.pl Pos\u0142owie wg okr\u0119g\u00f3w wyborczych Pos\u0142owie VII kadencji Pos\u0142owie VI kadencji Interpelacje, wypowiedzi poselskie VII kadencji Interpelacje, wypowiedzi poselskie VI kadencja Co to jest interpelacja? Interpelacja Pos\u0142a Andrzeja Halickiego w sprawie zapewnienia bezpiecze\u0144stwa uczestnik\u00f3w procesu szkolno-wychowawczego w szko\u0142ach i poza nimi z 23.09.2010 Interpelacja Pos\u0142a Andrzeja Halickiego w sprawie konieczno\u015bci zapewnienia osobom [&hellip;]<\/p>\n","protected":false},"author":2,"featured_media":0,"parent":5706,"menu_order":558,"comment_status":"open","ping_status":"open","template":"","meta":[],"_links":{"self":[{"href":"https:\/\/regionmazowsze.pl\/index.php?rest_route=\/wp\/v2\/pages\/4851"}],"collection":[{"href":"https:\/\/regionmazowsze.pl\/index.php?rest_route=\/wp\/v2\/pages"}],"about":[{"href":"https:\/\/regionmazowsze.pl\/index.php?rest_route=\/wp\/v2\/types\/page"}],"author":[{"embeddable":true,"href":"https:\/\/regionmazowsze.pl\/index.php?rest_route=\/wp\/v2\/users\/2"}],"replies":[{"embeddable":true,"href":"https:\/\/regionmazowsze.pl\/index.php?rest_route=%2Fwp%2Fv2%2Fcomments&post=4851"}],"version-history":[{"count":36,"href":"https:\/\/regionmazowsze.pl\/index.php?rest_route=\/wp\/v2\/pages\/4851\/revisions"}],"predecessor-version":[{"id":9930,"href":"https:\/\/regionmazowsze.pl\/index.php?rest_route=\/wp\/v2\/pages\/4851\/revisions\/9930"}],"up":[{"embeddable":true,"href":"https:\/\/regionmazowsze.pl\/index.php?rest_route=\/wp\/v2\/pages\/5706"}],"wp:attachment":[{"href":"https:\/\/regionmazowsze.pl\/index.php?rest_route=%2Fwp%2Fv2%2Fmedia&parent=4851"}],"curies":[{"name":"wp","href":"https:\/\/api.w.org\/{rel}","templated":true}]}}