{"id":4767,"date":"2011-07-27T08:55:33","date_gmt":"2011-07-27T07:55:33","guid":{"rendered":"http:\/\/regionmazowsze.pl\/?page_id=4767"},"modified":"2014-03-16T15:16:54","modified_gmt":"2014-03-16T14:16:54","slug":"gazety-lokalne","status":"publish","type":"page","link":"https:\/\/regionmazowsze.pl\/?page_id=4767","title":{"rendered":"Inne media"},"content":{"rendered":"<ul>\n<li><a href=\"http:\/\/www.mediaregionalne.pl\/strona-glowna\/Lead01,5,0\/\" target=\"_blank\">MEDIA REGIONALNE<\/a><\/li>\n<li><a href=\"http:\/\/gazetylokalne.pl\/\" target=\"_blank\">GAZETYLOKALNE.PL<\/a><\/li>\n<li><a href=\"http:\/\/www.gazeta-msp.pl\/\" target=\"_blank\">GAZETA MSP<\/a><\/li>\n<li><a href=\"http:\/\/www.powiat-legionowski.pl\" target=\"_blank\"> Powiat Legionowski<\/a><\/li>\n<li><a href=\"http:\/\/www.gazetaecho.pl\/\" target=\"_blank\">Gazeta Echo<\/a><\/li>\n<li><a href=\"http:\/\/lokalna.pl\/\" target=\"_blank\">Tygodnik &#8222;Lokalna&#8221;<\/a><\/li>\n<li><a href=\"http:\/\/toiowo.eu\/\" target=\"_blank\">Mazowieckie &#8222;To i owo&#8221;<\/a><\/li>\n<li><a href=\"http:\/\/www.nowodworski.eu\/\">Tygodnik Nowodworski<\/a><\/li>\n<li><a href=\"http:\/\/pultusk.tio.com.pl\/\">Tygodnik Pu\u0142tuski<\/a><\/li>\n<li><a href=\"http:\/\/tygodnik.czasciechanowa.pl\/\">Czas Ciechanowa<\/a>, <a href=\"http:\/\/www.extraciechanow.pl\/\" target=\"_blank\">Extra Ciechan\u00f3w<\/a><\/li>\n<li><a href=\"http:\/\/www.expresswieczorny.pl\/\">Express wieczorny<\/a><\/li>\n<li><a href=\"http:\/\/www.co-slychac.pl\/\">Co s\u0142ycha\u0107<\/a><\/li>\n<li><a href=\"http:\/\/www.7dni.radom.pl\/\">7 dni, Radom<\/a><\/li>\n<li><a href=\"http:\/\/www.plonszczak.pl\/\">P\u0142o\u0144szczak.pl<\/a><\/li>\n<li><a href=\"http:\/\/www.mieszkaniec.pl\/\" target=\"_blank\">Mieszkaniec &#8211; gazeta prawobrze\u017cnej Warszawy<\/a><\/li>\n<li><a href=\"http:\/\/www.galeriaotwock.waw.pl\/\">Galeria Otwock<\/a><\/li>\n<li><a href=\"http:\/\/www.otwock.pl\/default.asp?ID=35\" target=\"_blank\">Gazeta Otwocka<\/a><\/li>\n<li><a href=\"http:\/\/warszawa.gazeta.pl\/warszawa\/0,78586.html\" target=\"_blank\">Warszawa.gazeta.pl<\/a><\/li>\n<\/ul>\n<ul>\n<li><strong><a href=\"http:\/\/www.pogotowiedziennikarskie.pl\/\" target=\"_blank\">Pogotowie Dziennikarskie<\/a><\/strong><\/li>\n<\/ul>\n<ul>\n<li><a href=\"http:\/\/serwisy.gazetaprawna.pl\/samorzad\/\" target=\"_blank\">Gazeta Prawna\/Samorz\u0105d<\/a><\/li>\n<\/ul>\n<ul>\n<li><strong><a href=\"http:\/\/www.forumsamorzadowe.pl\/\" target=\"_blank\">Forum Samorz\u0105dowe<\/a><\/strong><\/li>\n<\/ul>\n<ul>\n<li><a href=\"http:\/\/www.polskalokalna.pl\" target=\"_blank\">Polska Lokalna.pl<\/a><\/li>\n<\/ul>\n<ul>\n<li><a href=\"http:\/\/www.poludnie.com.pl\/index.php?id=onas\" target=\"_blank\">Po\u0142udnie<\/a><\/li>\n<\/ul>\n","protected":false},"excerpt":{"rendered":"<p>MEDIA REGIONALNE GAZETYLOKALNE.PL GAZETA MSP Powiat Legionowski Gazeta Echo Tygodnik &#8222;Lokalna&#8221; Mazowieckie &#8222;To i owo&#8221; Tygodnik Nowodworski Tygodnik Pu\u0142tuski Czas Ciechanowa, Extra Ciechan\u00f3w Express wieczorny Co s\u0142ycha\u0107 7 dni, Radom P\u0142o\u0144szczak.pl Mieszkaniec &#8211; gazeta prawobrze\u017cnej Warszawy Galeria Otwock Gazeta Otwocka Warszawa.gazeta.pl Pogotowie Dziennikarskie Gazeta Prawna\/Samorz\u0105d Forum Samorz\u0105dowe Polska Lokalna.pl Po\u0142udnie<\/p>\n","protected":false},"author":2,"featured_media":0,"parent":232,"menu_order":10,"comment_status":"open","ping_status":"open","template":"","meta":[],"_links":{"self":[{"href":"https:\/\/regionmazowsze.pl\/index.php?rest_route=\/wp\/v2\/pages\/4767"}],"collection":[{"href":"https:\/\/regionmazowsze.pl\/index.php?rest_route=\/wp\/v2\/pages"}],"about":[{"href":"https:\/\/regionmazowsze.pl\/index.php?rest_route=\/wp\/v2\/types\/page"}],"author":[{"embeddable":true,"href":"https:\/\/regionmazowsze.pl\/index.php?rest_route=\/wp\/v2\/users\/2"}],"replies":[{"embeddable":true,"href":"https:\/\/regionmazowsze.pl\/index.php?rest_route=%2Fwp%2Fv2%2Fcomments&post=4767"}],"version-history":[{"count":57,"href":"https:\/\/regionmazowsze.pl\/index.php?rest_route=\/wp\/v2\/pages\/4767\/revisions"}],"predecessor-version":[{"id":10464,"href":"https:\/\/regionmazowsze.pl\/index.php?rest_route=\/wp\/v2\/pages\/4767\/revisions\/10464"}],"up":[{"embeddable":true,"href":"https:\/\/regionmazowsze.pl\/index.php?rest_route=\/wp\/v2\/pages\/232"}],"wp:attachment":[{"href":"https:\/\/regionmazowsze.pl\/index.php?rest_route=%2Fwp%2Fv2%2Fmedia&parent=4767"}],"curies":[{"name":"wp","href":"https:\/\/api.w.org\/{rel}","templated":true}]}}