{"id":4334,"date":"2011-06-22T12:15:26","date_gmt":"2011-06-22T11:15:26","guid":{"rendered":"http:\/\/regionmazowsze.pl\/?page_id=4334"},"modified":"2014-01-27T12:28:18","modified_gmt":"2014-01-27T11:28:18","slug":"bezrobotny","status":"publish","type":"page","link":"https:\/\/regionmazowsze.pl\/?page_id=4334","title":{"rendered":"Bezrobotni"},"content":{"rendered":"<ul>\n<li><a href=\"http:\/\/Bezrobocie.org.pl\"> Bezrobocie.org.pl<\/a><\/li>\n<li><a href=\"http:\/\/www.ekonomiaspoleczna.pl\/\" target=\"_blank\">ekonomiaspoleczna.pl<\/a><\/li>\n<li><a href=\"http:\/\/www.fise.org.pl\" target=\"_blank\">Fundacja Inicjatyw Spo\u0142eczno-Ekonomicznych <\/a><\/li>\n<li><a href=\"http:\/\/zielonalinia.gov.pl\/\" target=\"_blank\">Zielona linia &#8211; infolinia Urz\u0119du Pracy &#8211; dzwo\u0144 19 524<\/a><\/li>\n<li><a href=\"http:\/\/bezrobotny.wieszjak.pl\/\" target=\"_blank\">Bezrobotny &#8211; wiesz jak<\/a><\/li>\n<li><a href=\"http:\/\/wup.mazowsze.pl\/new\/?phtml=434860218\" target=\"_blank\">Wojew\u00f3dzki Urz\u0105d Pracy<\/a><\/li>\n<li><a href=\"http:\/\/www.up.warszawa.pl\/\" target=\"_blank\">Urz\u0105d Pracy m. st. Warszawy<\/a><\/li>\n<li><a href=\"http:\/\/www.eures.praca.gov.pl\/\" target=\"_blank\">EURES<\/a><\/li>\n<li><a href=\"http:\/\/www.pracuj.pl\/kodeks-pracy.htm?gclid=CMG-kvPvoKkCFUtC4QodZgKCsw\">Akty prawne zwi\u0105zane z prac\u0105 i zatrudnieniem, pracuj.pl<\/a><\/li>\n<li><a href=\"http:\/\/www.biznes-firma.pl\/W_grupie_razniej___czyli_jak_zalozyc_spoldzielnie_socjalna,17501.html\" target=\"_blank\">Jak za\u0142o\u017cy\u0107 sp\u00f3\u0142dzielni\u0119 socjaln\u0105<\/a><\/li>\n<li><a href=\"https:\/\/www.akademiaparp.gov.pl\/zapisz-sie-na-szkolenie-i-przejdz-wybrane-przez-siebie-moduly\/BIZ.html\" target=\"_blank\">Akademia PARP<\/a><\/li>\n<\/ul>\n<ul>\n<li><a href=\"http:\/\/obserwatorium.mazowsze.pl\/idm,150,co-oferuje.html\" target=\"_blank\">Mazowieckie Obserwatorium Rynku Pracy<\/a><\/li>\n<\/ul>\n","protected":false},"excerpt":{"rendered":"<p>Bezrobocie.org.pl ekonomiaspoleczna.pl Fundacja Inicjatyw Spo\u0142eczno-Ekonomicznych Zielona linia &#8211; infolinia Urz\u0119du Pracy &#8211; dzwo\u0144 19 524 Bezrobotny &#8211; wiesz jak Wojew\u00f3dzki Urz\u0105d Pracy Urz\u0105d Pracy m. st. Warszawy EURES Akty prawne zwi\u0105zane z prac\u0105 i zatrudnieniem, pracuj.pl Jak za\u0142o\u017cy\u0107 sp\u00f3\u0142dzielni\u0119 socjaln\u0105 Akademia PARP Mazowieckie Obserwatorium Rynku Pracy<\/p>\n","protected":false},"author":2,"featured_media":0,"parent":2425,"menu_order":29,"comment_status":"open","ping_status":"open","template":"","meta":[],"_links":{"self":[{"href":"https:\/\/regionmazowsze.pl\/index.php?rest_route=\/wp\/v2\/pages\/4334"}],"collection":[{"href":"https:\/\/regionmazowsze.pl\/index.php?rest_route=\/wp\/v2\/pages"}],"about":[{"href":"https:\/\/regionmazowsze.pl\/index.php?rest_route=\/wp\/v2\/types\/page"}],"author":[{"embeddable":true,"href":"https:\/\/regionmazowsze.pl\/index.php?rest_route=\/wp\/v2\/users\/2"}],"replies":[{"embeddable":true,"href":"https:\/\/regionmazowsze.pl\/index.php?rest_route=%2Fwp%2Fv2%2Fcomments&post=4334"}],"version-history":[{"count":38,"href":"https:\/\/regionmazowsze.pl\/index.php?rest_route=\/wp\/v2\/pages\/4334\/revisions"}],"predecessor-version":[{"id":10371,"href":"https:\/\/regionmazowsze.pl\/index.php?rest_route=\/wp\/v2\/pages\/4334\/revisions\/10371"}],"up":[{"embeddable":true,"href":"https:\/\/regionmazowsze.pl\/index.php?rest_route=\/wp\/v2\/pages\/2425"}],"wp:attachment":[{"href":"https:\/\/regionmazowsze.pl\/index.php?rest_route=%2Fwp%2Fv2%2Fmedia&parent=4334"}],"curies":[{"name":"wp","href":"https:\/\/api.w.org\/{rel}","templated":true}]}}