{"id":2859,"date":"2011-03-12T15:35:26","date_gmt":"2011-03-12T14:35:26","guid":{"rendered":"http:\/\/regionmazowsze.pl\/?page_id=2859"},"modified":"2015-03-28T22:39:07","modified_gmt":"2015-03-28T21:39:07","slug":"debaty","status":"publish","type":"page","link":"https:\/\/regionmazowsze.pl\/?page_id=2859","title":{"rendered":"Debaty"},"content":{"rendered":"<ul>\n<li><strong><a href=\"http:\/\/regionmazowsze.pl\/?page_id=709\">Konsultacje spo\u0142eczne<\/a><\/strong><\/li>\n<li><strong><a href=\"http:\/\/www.premier.gov.pl\/co-robimy.html\">Dzia\u0142ania rz\u0105du RP<\/a><\/strong><\/li>\n<li><strong><a href=\"http:\/\/www.decydujmyrazem.pl\/publikacje\/inni_o_partycypacji\/raport_o_stanie_samorzadnosci.html\" target=\"_blank\">Raport_o_stanie_samorzadnosci prof. Jerzego Hausnera<\/a><\/strong><\/li>\n<li><strong><a href=\"http:\/\/www.prezydent.pl\/dialog\/\">Forum debaty publicznej Prezydenta RP<\/a><\/strong><\/li>\n<li><strong><a href=\"http:\/\/www.dialog.mazovia.pl\/strona_glowna.html\" target=\"_blank\">Samorz\u0105dowe Forum Dialogu Obywatelskiego<\/a><\/strong><\/li>\n<li><strong><a href=\"http:\/\/www.mpips.gov.pl\/userfiles\/File\/Departament%20Rynku%20Pracy\/Podrecznik.pdf\" target=\"_blank\">MPiPS &#8211; Przez wsp\u00f3\u0142prac\u0119 do sukcesu, 2007<\/a><\/strong><\/li>\n<li><strong><a href=\"http:\/\/www.internetnawsi.pl\/UserFiles\/System\/Files\/file_4db6c28145532\/Raport_perspektywy%20rozwoju%20elektronicznej%20administracji%20w%20Polsce.pdf\">Debata &#8211; Rozw\u00f3j elektronicznej administracji w Polsce, 05.04.2011<\/a><\/strong><\/li>\n<li><strong><a href=\"http:\/\/wiadomosci.ngo.pl\/wiadomosci\/634357.html\">W sejmie tocz\u0105 si\u0119 prace nad ponown\u0105 nowelizacj\u0105 ustawy o dzia\u0142alno\u015bci po\u017cytku publicznego i o wolontariacie, 04.04.2011<\/a><\/strong><\/li>\n<\/ul>\n","protected":false},"excerpt":{"rendered":"<p>Konsultacje spo\u0142eczne Dzia\u0142ania rz\u0105du RP Raport_o_stanie_samorzadnosci prof. Jerzego Hausnera Forum debaty publicznej Prezydenta RP Samorz\u0105dowe Forum Dialogu Obywatelskiego MPiPS &#8211; Przez wsp\u00f3\u0142prac\u0119 do sukcesu, 2007 Debata &#8211; Rozw\u00f3j elektronicznej administracji w Polsce, 05.04.2011 W sejmie tocz\u0105 si\u0119 prace nad ponown\u0105 nowelizacj\u0105 ustawy o dzia\u0142alno\u015bci po\u017cytku publicznego i o wolontariacie, 04.04.2011<\/p>\n","protected":false},"author":2,"featured_media":0,"parent":0,"menu_order":9,"comment_status":"open","ping_status":"open","template":"","meta":[],"_links":{"self":[{"href":"https:\/\/regionmazowsze.pl\/index.php?rest_route=\/wp\/v2\/pages\/2859"}],"collection":[{"href":"https:\/\/regionmazowsze.pl\/index.php?rest_route=\/wp\/v2\/pages"}],"about":[{"href":"https:\/\/regionmazowsze.pl\/index.php?rest_route=\/wp\/v2\/types\/page"}],"author":[{"embeddable":true,"href":"https:\/\/regionmazowsze.pl\/index.php?rest_route=\/wp\/v2\/users\/2"}],"replies":[{"embeddable":true,"href":"https:\/\/regionmazowsze.pl\/index.php?rest_route=%2Fwp%2Fv2%2Fcomments&post=2859"}],"version-history":[{"count":52,"href":"https:\/\/regionmazowsze.pl\/index.php?rest_route=\/wp\/v2\/pages\/2859\/revisions"}],"predecessor-version":[{"id":11280,"href":"https:\/\/regionmazowsze.pl\/index.php?rest_route=\/wp\/v2\/pages\/2859\/revisions\/11280"}],"wp:attachment":[{"href":"https:\/\/regionmazowsze.pl\/index.php?rest_route=%2Fwp%2Fv2%2Fmedia&parent=2859"}],"curies":[{"name":"wp","href":"https:\/\/api.w.org\/{rel}","templated":true}]}}