{"id":2827,"date":"2011-03-11T23:44:52","date_gmt":"2011-03-11T22:44:52","guid":{"rendered":"http:\/\/regionmazowsze.pl\/?page_id=2827"},"modified":"2015-03-01T13:11:43","modified_gmt":"2015-03-01T12:11:43","slug":"bezpieczenstwo","status":"publish","type":"page","link":"https:\/\/regionmazowsze.pl\/?page_id=2827","title":{"rendered":"Niepe\u0142nosprawni"},"content":{"rendered":"<ul>\n<li><a href=\"http:\/\/www.sprawni-niepelnosprawni.pl\/pl\/artykuly\/afz-rodzaje_afz\/0\/55\" target=\"_blank\">Portal dla niepe\u0142npsprawnych<\/a><\/li>\n<li><a href=\"http:\/\/regionmazowsze.pl\/?tag=niepelnosprawni\" target=\"_blank\">Sprawy nie tylko dla niepe\u0142nosprawnych<\/a><\/li>\n<\/ul>\n<ul>\n<li><a href=\"http:\/\/www.edukacja.pfron.org.pl\/\" target=\"_blank\">Edukacja dla niepe\u0142nosprawnych<\/a><\/li>\n<\/ul>\n<ul>\n<li><a href=\"http:\/\/www.razem-mozemy-wiecej.com.pl\/\" target=\"_blank\">http:\/\/www.razem-mozemy-wiecej.com.pl\/<\/a><\/li>\n<li><a href=\"http:\/\/www.widzialni.eu\/\" target=\"_blank\">Widzialni.eu<\/a><\/li>\n<li><a href=\"http:\/\/www.niepelnosprawni.pl\/\" target=\"_blank\">Niepelnosprawni.pl<\/a><\/li>\n<li><a href=\"http:\/\/www.integracja.org\/?page_id=5\" target=\"_blank\">integracja.org<\/a><\/li>\n<li><a href=\"http:\/\/www.niepelnosprawni.gov.pl\/\" target=\"_blank\">Biuro Pe\u0142nomocnika rz\u0105du ds. os\u00f3b niepe\u0142nosprawnych<\/a><\/li>\n<li><a href=\"http:\/\/www.gminaniepelnosprawnym.zgwrp.org.pl\/\" target=\"_blank\">Partnerstwo na rzecz rozwoju<\/a><\/li>\n<li><a href=\"http:\/\/www.bezdyskryminacji.pl\/\" target=\"_blank\">Bez dyskryminacji<\/a><\/li>\n<li><a href=\"http:\/\/www.mcps.mazovia.pl\/main.php?l=7&amp;id=2&amp;id_newsa=624\" target=\"_blank\"> Mazowieckie Centrum Polityki Spo\u0142ecznej<\/a><\/li>\n<li><a href=\"http:\/\/www.rownetraktowanie.gov.pl\/\" target=\"_blank\">Pe\u0142nomocnik Rz\u0105du do Spraw R\u00f3wnego Traktowania<\/a><\/li>\n<li><a href=\"http:\/\/www.siecrownosci.gov.pl\/\" target=\"_blank\">Sie\u0107 R\u00f3wno\u015bci<\/a><\/li>\n<li><a href=\"http:\/\/www.defacto.org.pl\/index2.html\" target=\"_blank\">Stowarzyszenie DE FACTO<\/a><\/li>\n<li><a href=\"http:\/\/www.dobrze-ze-jestes-sandomierz.pl\/aktualnosci\/\" target=\"_blank\">Stowarzyszenie \u201aDobrze, \u017ce jeste\u015b&#8221;<\/a><\/li>\n<\/ul>\n<p>Niesamodzielni, kto si\u0119 nimi zajmie?, 07.09.2010<br \/>\n<object width=\"525\" height=\"240\" classid=\"clsid:d27cdb6e-ae6d-11cf-96b8-444553540000\" codebase=\"http:\/\/download.macromedia.com\/pub\/shockwave\/cabs\/flash\/swflash.cab#version=6,0,40,0\"><param name=\"src\" value=\"http:\/\/www.youtube.com\/v\/9gfCpELjf0o?fs=1&amp;hl=pl_PL\" \/><embed width=\"525\" height=\"240\" type=\"application\/x-shockwave-flash\" src=\"http:\/\/www.youtube.com\/v\/9gfCpELjf0o?fs=1&amp;hl=pl_PL\" \/><\/object><br \/>\nO projektach zmian w ordynacjach wyborczych, 29.10.2009<br \/>\n<a href=\"http:\/\/strefa-euro.eu\/?p=11568\" target=\"_blank\"><object width=\"525\" height=\"250\" classid=\"clsid:d27cdb6e-ae6d-11cf-96b8-444553540000\" codebase=\"http:\/\/download.macromedia.com\/pub\/shockwave\/cabs\/flash\/swflash.cab#version=6,0,40,0\"><param name=\"allowFullScreen\" value=\"true\" \/><param name=\"allowscriptaccess\" value=\"always\" \/><param name=\"src\" value=\"http:\/\/www.youtube.com\/v\/UZdoNeb3c7k?fs=1&amp;hl=pl_PL\" \/><param name=\"allowfullscreen\" value=\"true\" \/><embed width=\"525\" height=\"250\" type=\"application\/x-shockwave-flash\" src=\"http:\/\/www.youtube.com\/v\/UZdoNeb3c7k?fs=1&amp;hl=pl_PL\" allowfullscreen=\"allowfullscreen\" allowscriptaccess=\"always\" allowfullscreen=\"allowfullscreen\" \/><img loading=\"lazy\" src=\"http:\/\/regionmazowsze.pl\/wp-includes\/js\/tinymce\/themes\/advanced\/img\/trans.gif\" class=\"mceItemMedia mceItemFlash\" width=\"470\" height=\"250\" data-mce-json=\"{'video':{},'params':{'src':'http:\/\/www.youtube.com\/v\/UZdoNeb3c7k?fs=1&amp;hl=pl_PL','allowscriptaccess':'always','allowfullscreen':'true'}}\" alt=\"\" \/><\/object><\/a><\/p>\n","protected":false},"excerpt":{"rendered":"<p>Portal dla niepe\u0142npsprawnych Sprawy nie tylko dla niepe\u0142nosprawnych Edukacja dla niepe\u0142nosprawnych http:\/\/www.razem-mozemy-wiecej.com.pl\/ Widzialni.eu Niepelnosprawni.pl integracja.org Biuro Pe\u0142nomocnika rz\u0105du ds. os\u00f3b niepe\u0142nosprawnych Partnerstwo na rzecz rozwoju Bez dyskryminacji Mazowieckie Centrum Polityki Spo\u0142ecznej Pe\u0142nomocnik Rz\u0105du do Spraw R\u00f3wnego Traktowania Sie\u0107 R\u00f3wno\u015bci Stowarzyszenie DE FACTO Stowarzyszenie \u201aDobrze, \u017ce jeste\u015b&#8221; Niesamodzielni, kto si\u0119 nimi zajmie?, 07.09.2010 O projektach zmian [&hellip;]<\/p>\n","protected":false},"author":2,"featured_media":0,"parent":7717,"menu_order":18,"comment_status":"open","ping_status":"open","template":"","meta":[],"_links":{"self":[{"href":"https:\/\/regionmazowsze.pl\/index.php?rest_route=\/wp\/v2\/pages\/2827"}],"collection":[{"href":"https:\/\/regionmazowsze.pl\/index.php?rest_route=\/wp\/v2\/pages"}],"about":[{"href":"https:\/\/regionmazowsze.pl\/index.php?rest_route=\/wp\/v2\/types\/page"}],"author":[{"embeddable":true,"href":"https:\/\/regionmazowsze.pl\/index.php?rest_route=\/wp\/v2\/users\/2"}],"replies":[{"embeddable":true,"href":"https:\/\/regionmazowsze.pl\/index.php?rest_route=%2Fwp%2Fv2%2Fcomments&post=2827"}],"version-history":[{"count":77,"href":"https:\/\/regionmazowsze.pl\/index.php?rest_route=\/wp\/v2\/pages\/2827\/revisions"}],"predecessor-version":[{"id":10957,"href":"https:\/\/regionmazowsze.pl\/index.php?rest_route=\/wp\/v2\/pages\/2827\/revisions\/10957"}],"up":[{"embeddable":true,"href":"https:\/\/regionmazowsze.pl\/index.php?rest_route=\/wp\/v2\/pages\/7717"}],"wp:attachment":[{"href":"https:\/\/regionmazowsze.pl\/index.php?rest_route=%2Fwp%2Fv2%2Fmedia&parent=2827"}],"curies":[{"name":"wp","href":"https:\/\/api.w.org\/{rel}","templated":true}]}}