{"id":2819,"date":"2011-03-11T23:40:06","date_gmt":"2011-03-11T22:40:06","guid":{"rendered":"http:\/\/regionmazowsze.pl\/?page_id=2819"},"modified":"2015-11-04T13:38:52","modified_gmt":"2015-11-04T12:38:52","slug":"dziecko","status":"publish","type":"page","link":"https:\/\/regionmazowsze.pl\/?page_id=2819","title":{"rendered":"Dzieci i m\u0142odzie\u017c"},"content":{"rendered":"<ul>\n<li><strong><a href=\"http:\/\/regionmazowsze.pl\/?tag=dzieci-i-mlodziez\" target=\"_blank\">Artyku\u0142y dot. dzieci i m\u0142odzie\u017cy<\/a><\/strong><\/li>\n<li><strong><a href=\"http:\/\/europa.eu\/youth\/node\/13350_pl\" target=\"_blank\">Europejski Portal M\u0142odzie\u017cowy<\/a><\/strong><\/li>\n<li><a href=\"http:\/\/www.dzieciwpolsce.pl\/\" target=\"_blank\">dzieciwpolsce.pl<\/a><\/li>\n<li><a href=\"http:\/\/www.brpd.gov.pl\/\" target=\"_blank\">Rzecznik Praw Dziecka<\/a><\/li>\n<li><a href=\"http:\/\/strefamlodych.pl\/\" target=\"_blank\">http:\/\/strefamlodych.pl\/<\/a><\/li>\n<li><a href=\"www.edunews.pl\/\" target=\"_blank\">www.edunews.pl<\/a><\/li>\n<li>edus.org.pl &#8211; dla dzieci<\/li>\n<li><a href=\"http:\/\/www.dbajofejs.pl\/\" target=\"_blank\">dbajofejs.pl<\/a><\/li>\n<li><strong><a href=\"http:\/\/zabawnik.org\/\" target=\"_blank\">Gry i zabawy dla dzieci<\/a><\/strong><\/li>\n<li><a href=\"http:\/\/www.polskieradio.pl\/18\/90,Radio-dzieciom\" target=\"_blank\">Radio-dzieciom<\/a><\/li>\n<li><a href=\"http:\/\/radiobajka.pl\/\" target=\"_blank\">radiobajka.pl<\/a><\/li>\n<li><span style=\"color: #3366ff;\"><a style=\"color: #3366ff;\" href=\"http:\/\/www.116111.pl\/dzieci\" target=\"_blank\">TELEFON ZAUFANIA DLA DZIECI I M\u0141ODZIE\u017bY 116111<\/a><\/span><\/li>\n<li><a href=\"http:\/\/www.childalert.pl\/\" target=\"_blank\">Child Alert &#8211; 995 lub childalert@policja.gov.pl<\/a><\/li>\n<li><a href=\"http:\/\/www.eurodesk.eu\/edesk\/\" target=\"_blank\">Eurodesk<\/a><\/li>\n<li><a href=\"http:\/\/www.zlobki.mpips.gov.pl\/\" target=\"_blank\">zlobki.mpips.gov.pl<\/a><\/li>\n<li><a href=\"http:\/\/www.edziecko.pl\" target=\"_blank\">edziecko.pl<\/a><\/li>\n<li><a href=\"http:\/\/ekodzieciaki.mos.gov.pl\/\" target=\"_blank\">ekodzieciaki.gov.pl<\/a><\/li>\n<li><a href=\"http:\/\/www.ore.edu.pl\/\" target=\"_blank\">ore.edu.pl<\/a><\/li>\n<li><a href=\"http:\/\/www.szkolawspolpracy.pl\/\" target=\"_blank\">Szko\u0142a wsp\u00f3\u0142pracy<\/a><\/li>\n<li><a href=\"https:\/\/www.premier.gov.pl\/co-robimy\/praca-dom-rodzina.html\" target=\"_blank\">DZIA\u0141ANIA RZ\u0104DU NA RZECZ DZIECI I RODZINY<\/a><\/li>\n<li><strong><a href=\"http:\/\/www.brpd.gov.pl\" target=\"_blank\">Rzecznik praw dziecka<\/a><\/strong><\/li>\n<li><a href=\"http:\/\/www.deon.pl\/inteligentne-zycie\/wychowanie-dziecka\/art,378,dzieci-ktore-nie-chodza-do-szkoly.html\" target=\"_blank\">Dzieci, kt\u00f3re nie chodz\u0105 do szko\u0142y<\/a><\/li>\n<li><a href=\"http:\/\/www.ponton.org.pl\/\" target=\"_blank\">Grupa Edukator\u00f3w Seksualnych Ponton<\/a><\/li>\n<li><a href=\"http:\/\/fdn.pl\/kontakt\" target=\"_blank\">Fundacja &#8222;Dzieci niczyje&#8221;<\/a><\/li>\n<li><a href=\"http:\/\/www.saferinternet.pl\/pl\/\" target=\"_blank\">www.saferinternet.pl\/pl &#8211; Bezpiecze\u0144stwo dzieci i m\u0142odzie\u017cy online\/<\/a><\/li>\n<li><a href=\"http:\/\/www.beniamin.pl\/?gclid=CLKylNrm-MYCFcHPcgodGvQGeg\" target=\"_blank\">Ochrona dzieci w sieci<\/a><\/li>\n<li><a href=\"http:\/\/dzieckowsieci.fdn.pl\/\" target=\"_blank\">dzieckowsieci.fdn.pl\/<\/a> <a href=\"http:\/\/www.fdn.pl\/kursy\/\" target=\"_blank\">platforma e-learning \/<\/a><\/li>\n<li><a href=\"http:\/\/dzieckowsieci.fdn.pl\/kompendium\" target=\"_blank\">kompendium bezpiecze\u0144stwa<\/a><\/li>\n<li><a href=\"http:\/\/www.lse.ac.uk\/media@lse\/research\/EUKidsOnline\/EU%20Kids%20I%20%282006-9%29\/EU%20Kids%20Online%20I%20Reports\/pl_summary.pdf\" target=\"_blank\">RAPORT &#8222;EU KIDS ON LINE&#8221;<\/a><\/li>\n<li><a href=\"http:\/\/www.dyzurnet.pl\/\" target=\"_blank\">DYZURNET.PL<\/a><\/li>\n<li><strong><a href=\"http:\/\/wyborcza.pl\/0,115104.html\" target=\"_blank\">Po co dzieci &#8211; cykl w Gazecie Wyborczej<\/a><\/strong><\/li>\n<li><strong><a href=\"http:\/\/www.pozorymyla.pl\" target=\"_blank\">Pozory myl\u0105, dow\u00f3d nie &#8211; we\u017a udzia\u0142<\/a><\/strong><\/li>\n<li><a href=\"http:\/\/www.gitd.gov.pl\/\" target=\"_blank\">G\u0142\u00f3wny Inspektorat Transportu Drogowego<\/a><\/li>\n<li><a href=\"http:\/\/wola.policja.waw.pl\/portal\/r4\/439\/5182\/Kontrola_autokarow_przed_letnimi_wyjazdami.html\">Sprawd\u017a autobus, kt\u00f3rym pojedzie Twoje dziecko<\/a>, dzwo\u0144 (22) 603 77 55 w Warszawie<\/li>\n<li>2011-03-10 Rz\u0105d proponuje, aby za pieni\u0105dze unijne mo\u017cna by\u0142o zak\u0142ada\u0107 o\u015brodki opieki nad najm\u0142odszymi dzie\u0107mi \u2013 informuje \u201eDziennik Gazeta Prawna\u201d. Wi\u0119cej: <a href=\"http:\/\/www.samorzad.pap.pl\/palio\/html.run?_Instance=cms_samorzad.pap.pl&amp;_PageID=2&amp;s=depesza&amp;dz=wiadomosci_centralne&amp;dep=86524&amp;data=&amp;_CheckSum=-1676080744\">samorzad.pap.pl<\/a><\/li>\n<li>2011-02-24 Prezydent Bronis\u0142aw Komorowski podpisa\u0142 ustaw\u0119 o formach opieki nad dzie\u0107mi do lat trzech, u\u0142atwiaj\u0105c\u0105 m.in. zak\u0142adanie \u017c\u0142obk\u00f3w i klubik\u00f3w dla ma\u0142ych dzieci. Podkre\u015bli\u0142, \u017ce ustawa jest tylko fragmentem pracy, kt\u00f3ra czeka pa\u0144stwo w zakresie polityki prorodzinnej. Wi\u0119cej: <a href=\"http:\/\/samorzad.infor.pl\/wiadomosci\/artykuly\/489899,prezydent_podpisal_ustawe_zlobkowa.html\">samorzad.infor.pl<\/a><\/li>\n<\/ul>\n<ul>\n<li><a href=\"http:\/\/www.cozciebiewyrosnie.pl\/\" target=\"_blank\">Co z Ciebie wyro\u015bnie<\/a><\/li>\n<li><a href=\"http:\/\/www.mccash.pl\/\" target=\"_blank\">mccash.pl &#8211; nauka oszcz\u0119dzania dla dzieci<\/a><\/li>\n<li><a href=\"http:\/\/noizz.pl\/\" target=\"_blank\">noizz.pl<\/a><\/li>\n<\/ul>\n","protected":false},"excerpt":{"rendered":"<p>Artyku\u0142y dot. dzieci i m\u0142odzie\u017cy Europejski Portal M\u0142odzie\u017cowy dzieciwpolsce.pl Rzecznik Praw Dziecka http:\/\/strefamlodych.pl\/ www.edunews.pl edus.org.pl &#8211; dla dzieci dbajofejs.pl Gry i zabawy dla dzieci Radio-dzieciom radiobajka.pl TELEFON ZAUFANIA DLA DZIECI I M\u0141ODZIE\u017bY 116111 Child Alert &#8211; 995 lub childalert@policja.gov.pl Eurodesk zlobki.mpips.gov.pl edziecko.pl ekodzieciaki.gov.pl ore.edu.pl Szko\u0142a wsp\u00f3\u0142pracy DZIA\u0141ANIA RZ\u0104DU NA RZECZ DZIECI I RODZINY Rzecznik praw [&hellip;]<\/p>\n","protected":false},"author":2,"featured_media":0,"parent":3174,"menu_order":3,"comment_status":"open","ping_status":"open","template":"","meta":[],"_links":{"self":[{"href":"https:\/\/regionmazowsze.pl\/index.php?rest_route=\/wp\/v2\/pages\/2819"}],"collection":[{"href":"https:\/\/regionmazowsze.pl\/index.php?rest_route=\/wp\/v2\/pages"}],"about":[{"href":"https:\/\/regionmazowsze.pl\/index.php?rest_route=\/wp\/v2\/types\/page"}],"author":[{"embeddable":true,"href":"https:\/\/regionmazowsze.pl\/index.php?rest_route=\/wp\/v2\/users\/2"}],"replies":[{"embeddable":true,"href":"https:\/\/regionmazowsze.pl\/index.php?rest_route=%2Fwp%2Fv2%2Fcomments&post=2819"}],"version-history":[{"count":75,"href":"https:\/\/regionmazowsze.pl\/index.php?rest_route=\/wp\/v2\/pages\/2819\/revisions"}],"predecessor-version":[{"id":11718,"href":"https:\/\/regionmazowsze.pl\/index.php?rest_route=\/wp\/v2\/pages\/2819\/revisions\/11718"}],"up":[{"embeddable":true,"href":"https:\/\/regionmazowsze.pl\/index.php?rest_route=\/wp\/v2\/pages\/3174"}],"wp:attachment":[{"href":"https:\/\/regionmazowsze.pl\/index.php?rest_route=%2Fwp%2Fv2%2Fmedia&parent=2819"}],"curies":[{"name":"wp","href":"https:\/\/api.w.org\/{rel}","templated":true}]}}