{"id":2425,"date":"2011-03-07T19:34:54","date_gmt":"2011-03-07T18:34:54","guid":{"rendered":"http:\/\/mazowsze.home.pl\/?page_id=2425"},"modified":"2015-08-12T16:11:42","modified_gmt":"2015-08-12T15:11:42","slug":"konsumenci","status":"publish","type":"page","link":"https:\/\/regionmazowsze.pl\/?page_id=2425","title":{"rendered":"Obywatele"},"content":{"rendered":"<p><a href=\"http:\/\/regionmazowsze.pl\/?page_id=5263\" target=\"_blank\">POD OCHRON\u0104<\/a><\/p>\n<ul>\n<li><a href=\"http:\/\/regionmazowsze.pl\/?tag=obywatel\" target=\"_blank\">Artyku\u0142y dot. spraw Obywateli<\/a><\/li>\n<li><a href=\"http:\/\/www.obywatel.gov.pl\" target=\"_blank\">Obywatel.gov.pl<\/a> \/ <a href=\"https:\/\/kwrist.mac.gov.pl\/\" target=\"_blank\">kwrist.mac.gov.pl<\/a><\/li>\n<li><a href=\"http:\/\/www.u24.pl\/\" target=\"_blank\">E-Administracja<\/a><\/li>\n<li><a href=\"http:\/\/www.bip.gov.pl\/subjects\" target=\"_blank\">Biuletyn Informacji Publicznej<\/a><\/li>\n<li><a href=\"http:\/\/www.isp.org.pl\/\" target=\"_blank\">Instytut Spraw Publicznych<\/a><\/li>\n<li><a href=\"http:\/\/www.informacjapubliczna.org.pl\/\" target=\"_blank\">Pozarz\u0105dowe Centrum Dost\u0119pu Do Informacji Publicznej<\/a><\/li>\n<li><a href=\"http:\/\/lexplay.pl\/artykul\/Prawo-Dzialalnosci-Gospodarczej\/Naruszenie-interesu-publicznego-jako-warunek-stosowania-ustawy-o-ochronie-konkurencji-i-konsumentow\" target=\"_blank\">Co to jest interes publiczny<\/a><\/li>\n<li><a href=\"http:\/\/www.obronapraw.pl\/pisma.php#a6\" target=\"_blank\">Biuro Porad Obywatelskich<\/a><\/li>\n<li><a href=\"http:\/\/www.bip.gov.pl\/articles\/view\/41\" target=\"_blank\">Ustawa o dost\u0119pie do informacji publicznej<\/a><\/li>\n<li><a href=\"http:\/\/regionmazowsze.pl\/?page_id=5706\" target=\"_blank\">Informacja publiczna<\/a><\/li>\n<li><a href=\"http:\/\/regionmazowsze.pl\/?page_id=2422\" target=\"_blank\">Prawo dla Obywateli<\/a><\/li>\n<li><a href=\"http:\/\/familijny.pl\/gdansk\/biura_porad_prawnych\/chojnice\/repository\/Biura\/Poznan\/pliki%20do%20pobrania\/Poradnik_1.pdf\" target=\"_blank\">Poradnik &#8211; Rzecznik Praw Obywatelskich<\/a><\/li>\n<li><a href=\"http:\/\/www.mcps.com.pl\/\" target=\"_blank\">Mazowieckie Centrum Pomocy Spo\u0142ecznej<\/a><\/li>\n<li><a href=\"http:\/\/www.biznes-firma.pl\/W_grupie_razniej___czyli_jak_zalozyc_spoldzielnie_socjalna,17501.html\" target=\"_blank\">Jak za\u0142o\u017cy\u0107 sp\u00f3\u0142dzielni\u0119 socjaln\u0105<\/a><\/li>\n<li><a href=\"http:\/\/www.mamprawowiedziec.pl\/\" target=\"_blank\">Mam prawo wiedzie\u0107<\/a><\/li>\n<li><a href=\"http:\/\/www.soros.org\/issues\/rights_justice\" target=\"_blank\">Open Society Institute<\/a><\/li>\n<li><a href=\"http:\/\/www.hfhr.pl\/\" target=\"_blank\">Helsi\u0144ska Fundacja Praw Cz\u0142owieka<\/a><\/li>\n<li><a href=\"http:\/\/www.msz.gov.pl\/pl\/informacje_konsularne\/poradniki_i_informatory\" target=\"_blank\">Poradniki MSZ<\/a><\/li>\n<li><a href=\"http:\/\/www.firma.egospodarka.pl\/kalkulatory\" target=\"_blank\">Kalkulatory<\/a><\/li>\n<li><a href=\"http:\/\/www.senat.gov.pl\/k7\/petycje\/index.htm\" target=\"_blank\">Petycje<\/a><\/li>\n<li><a href=\"http:\/\/www.batory.org.pl\/\">Fundacja im. Stefana Batorego<\/a><\/li>\n<li><a href=\"http:\/\/www.sejm.gov.pl\/lobbing\/wys_pub.htm\" target=\"_blank\">Wys\u0142uchania publiczne<\/a><\/li>\n<li><a href=\"http:\/\/oide.sejm.gov.pl\/oide\/index.php?option=com_content&amp;view=article&amp;id=14406&amp;Itemid=340\" target=\"_blank\">Przestrze\u0144 wolno\u015bci, bezpiecze\u0144stwa i sprawiedliwo\u015bci<\/a><\/li>\n<li><a href=\"http:\/\/bip.kprm.gov.pl\/portal\/kpr\/78\/2138\/Skargi_i_wnioski_obywateli.html\" target=\"_blank\">Skargi i wnioski Obywateli, kprm.gov.pl<\/a><\/li>\n<li><a href=\"http:\/\/watchdog.org.pl\/\" target=\"_blank\">Portal Organizacji Stra\u017cniczych<\/a><\/li>\n<li><a href=\"https:\/\/latarnicy.pl\/knowledge-base\/items\/?in_category=27\" target=\"_blank\">Latarnicy<\/a><\/li>\n<li><a href=\"http:\/\/www.parp.gov.pl\/index\/index\/1402\" target=\"_blank\">Znajd\u017a program dla siebie<\/a><\/li>\n<li><a href=\"http:\/\/www.ekonomia24.pl\/artykul\/794615,853507-Oswiadczenia-zamiast-zaswiadczen.html\">Popularno\u015b\u0107 o\u015bwiadcze\u0144 ro\u015bnie powoli<\/a><a href=\"http:\/\/www.parp.gov.pl\/index\/index\/1402\" target=\"_blank\"> &#8211; PARP<\/a><\/li>\n<li><a href=\"http:\/\/di.com.pl\/\" target=\"_blank\">dziennikinternautow<\/a><\/li>\n<li><a href=\"https:\/\/ems.ms.gov.pl\/\" target=\"_blank\">E-MS &#8211; PORTAL<\/a><\/li>\n<li><a href=\"http:\/\/www.gmina-europa.pap.pl\/palio\/html.run?_Instance=cms_samorzad.pap.pl&amp;_PageID=2&amp;s=redakcyjne.europa&amp;dz=redakcyjne.europa&amp;_CheckSum=-139616248\" target=\"_blank\">Samorz\u0105d.PAP.pl<\/a><\/li>\n<li><a href=\"http:\/\/www.coworking-warszawa.pl\/\" target=\"_blank\">CO &#8211; WORKING<\/a><\/li>\n<li><a href=\"http:\/\/regionmazowsze.pl\/?page_id=756\" target=\"_blank\">FUNDUSZE UE<\/a><\/li>\n<li><a href=\"http:\/\/www.kprm.gov.pl\/realizacja-expose.html\" target=\"_blank\">Realizacja expose Premiera<\/a>\n<p style=\"text-align: center;\"><strong>CHRO\u0143 SWOJE DANE OSOBOWE<\/strong><\/p>\n<p><center><iframe src=\"http:\/\/www.youtube.com\/embed\/jtyFx9CYKzQ\" width=\"480\" height=\"270\" frameborder=\"0\" allowfullscreen=\"allowfullscreen\"><\/iframe><\/center><\/p>\n<p style=\"text-align: center;\"><strong>NOWE TECHNOLOGIE A OCHRONA DANYCH W POLSCE<\/strong><\/p>\n<p><center><iframe src=\"http:\/\/www.youtube.com\/embed\/2AsqWZbC_rQ\" width=\"482\" height=\"253\" frameborder=\"0\" allowfullscreen=\"allowfullscreen\"><\/iframe><\/center><\/p>\n<p style=\"text-align: center;\"><strong>DEBATA O ACTA<\/strong><\/p>\n<p><center><iframe src=\"http:\/\/www.youtube.com\/embed\/DhxV3pKbLE8\" width=\"481\" height=\"226\" frameborder=\"0\" allowfullscreen=\"allowfullscreen\"><\/iframe><\/center><\/li>\n<\/ul>\n","protected":false},"excerpt":{"rendered":"<p>POD OCHRON\u0104 Artyku\u0142y dot. spraw Obywateli Obywatel.gov.pl \/ kwrist.mac.gov.pl E-Administracja Biuletyn Informacji Publicznej Instytut Spraw Publicznych Pozarz\u0105dowe Centrum Dost\u0119pu Do Informacji Publicznej Co to jest interes publiczny Biuro Porad Obywatelskich Ustawa o dost\u0119pie do informacji publicznej Informacja publiczna Prawo dla Obywateli Poradnik &#8211; Rzecznik Praw Obywatelskich Mazowieckie Centrum Pomocy Spo\u0142ecznej Jak za\u0142o\u017cy\u0107 sp\u00f3\u0142dzielni\u0119 socjaln\u0105 Mam [&hellip;]<\/p>\n","protected":false},"author":2,"featured_media":0,"parent":0,"menu_order":6,"comment_status":"open","ping_status":"open","template":"","meta":[],"_links":{"self":[{"href":"https:\/\/regionmazowsze.pl\/index.php?rest_route=\/wp\/v2\/pages\/2425"}],"collection":[{"href":"https:\/\/regionmazowsze.pl\/index.php?rest_route=\/wp\/v2\/pages"}],"about":[{"href":"https:\/\/regionmazowsze.pl\/index.php?rest_route=\/wp\/v2\/types\/page"}],"author":[{"embeddable":true,"href":"https:\/\/regionmazowsze.pl\/index.php?rest_route=\/wp\/v2\/users\/2"}],"replies":[{"embeddable":true,"href":"https:\/\/regionmazowsze.pl\/index.php?rest_route=%2Fwp%2Fv2%2Fcomments&post=2425"}],"version-history":[{"count":267,"href":"https:\/\/regionmazowsze.pl\/index.php?rest_route=\/wp\/v2\/pages\/2425\/revisions"}],"predecessor-version":[{"id":11645,"href":"https:\/\/regionmazowsze.pl\/index.php?rest_route=\/wp\/v2\/pages\/2425\/revisions\/11645"}],"wp:attachment":[{"href":"https:\/\/regionmazowsze.pl\/index.php?rest_route=%2Fwp%2Fv2%2Fmedia&parent=2425"}],"curies":[{"name":"wp","href":"https:\/\/api.w.org\/{rel}","templated":true}]}}