{"id":2264,"date":"2010-10-24T13:35:15","date_gmt":"2010-10-24T13:35:15","guid":{"rendered":"http:\/\/mazowsze2010.wordpress.com\/"},"modified":"2015-06-06T21:30:52","modified_gmt":"2015-06-06T20:30:52","slug":"sejm","status":"publish","type":"page","link":"https:\/\/regionmazowsze.pl\/?page_id=2264","title":{"rendered":"RP &#8211; Obywatel"},"content":{"rendered":"<ul>\n<li><a href=\"http:\/\/www.sejm.gov.pl\/prawo\/prawo.html\" target=\"_blank\">Prawo RP<\/a><\/li>\n<li><a href=\"http:\/\/edukacja.sejm.gov.pl\/strona-glowna\/witamy\/\" target=\"_blank\">Edukacja Obywatelska<\/a><\/li>\n<li><a href=\"http:\/\/epf.org.pl\/pl\/\" target=\"_blank\">Fundacja ePa\u0144stwo<\/a><\/li>\n<li><a href=\"http:\/\/orka2.sejm.gov.pl\/IZ6.nsf\" target=\"_blank\">Interpelacje poselskie<\/a><\/li>\n<li><a href=\"http:\/\/www.sejm.gov.pl\/wydarzenia\/przeglad\/przeglad.htm\" target=\"_blank\">Przegl\u0105d Sejmowy<\/a><\/li>\n<li><a href=\"http:\/\/www.mamprawowiedziec.pl\/\" target=\"_blank\">Mam prawo wiedzie\u0107<\/a><\/li>\n<li><a href=\"http:\/\/www.sejm.gov.pl\/Sejm7.nsf\/biuletyny.xsp\" target=\"_blank\">Posiedzenia Komisji Sejmu RP<\/a><\/li>\n<li><a href=\"http:\/\/strefaeuro.com\/?page_id=85640\" target=\"_blank\">Informacja publiczna<\/a><\/li>\n<li><a href=\"http:\/\/www.sejm.gov.pl\/\" target=\"_blank\">Sejm RP<\/a><\/li>\n<li><a href=\"http:\/\/www.senat.gov.pl\/\" target=\"_blank\">Senat RP<\/a><\/li>\n<li><a href=\"http:\/\/www.senat.gov.pl\/k7\/ue\/indext.htm\" target=\"_blank\">Senat o UE<\/a><\/li>\n<li><a href=\"http:\/\/www.senat.gov.pl\/wyszukiwarka\/szukaj.html\" target=\"_blank\">Petycje<\/a><\/li>\n<li><a href=\"http:\/\/www.sejmometr.pl\/\" target=\"_blank\">Sejmometr.pl<\/a><\/li>\n<li><a href=\"%20http:\/\/www.sejm.gov.pl\/prawo\/lobbing\/kon12.htm\">Ustawa o dzia\u0142. lobbingowej w procesie stanowienia prawa<\/a><\/li>\n<li><a href=\"http:\/\/www.sejm.gov.pl\/lobbing\/wys_pub.htm\" target=\"_blank\">Wys\u0142uchania publiczne<\/a><\/li>\n<li><a href=\"http:\/\/libr.sejm.gov.pl\/bibl\/\" target=\"_blank\">Biblioteka sejmowa<\/a><\/li>\n<li><a href=\"http:\/\/regionmazowsze.pl\/?page_id=3688\" target=\"_blank\">Wybory w Polsce<\/a><\/li>\n<li><a href=\"http:\/\/miastamaniak.pl\/\" target=\"_blank\">miastamaniak.pl<\/a><\/li>\n<\/ul>\n<p>&nbsp;<\/p>\n","protected":false},"excerpt":{"rendered":"<p>Prawo RP Edukacja Obywatelska Fundacja ePa\u0144stwo Interpelacje poselskie Przegl\u0105d Sejmowy Mam prawo wiedzie\u0107 Posiedzenia Komisji Sejmu RP Informacja publiczna Sejm RP Senat RP Senat o UE Petycje Sejmometr.pl Ustawa o dzia\u0142. lobbingowej w procesie stanowienia prawa Wys\u0142uchania publiczne Biblioteka sejmowa Wybory w Polsce miastamaniak.pl &nbsp;<\/p>\n","protected":false},"author":2,"featured_media":0,"parent":2262,"menu_order":1,"comment_status":"open","ping_status":"closed","template":"","meta":[],"_links":{"self":[{"href":"https:\/\/regionmazowsze.pl\/index.php?rest_route=\/wp\/v2\/pages\/2264"}],"collection":[{"href":"https:\/\/regionmazowsze.pl\/index.php?rest_route=\/wp\/v2\/pages"}],"about":[{"href":"https:\/\/regionmazowsze.pl\/index.php?rest_route=\/wp\/v2\/types\/page"}],"author":[{"embeddable":true,"href":"https:\/\/regionmazowsze.pl\/index.php?rest_route=\/wp\/v2\/users\/2"}],"replies":[{"embeddable":true,"href":"https:\/\/regionmazowsze.pl\/index.php?rest_route=%2Fwp%2Fv2%2Fcomments&post=2264"}],"version-history":[{"count":56,"href":"https:\/\/regionmazowsze.pl\/index.php?rest_route=\/wp\/v2\/pages\/2264\/revisions"}],"predecessor-version":[{"id":11553,"href":"https:\/\/regionmazowsze.pl\/index.php?rest_route=\/wp\/v2\/pages\/2264\/revisions\/11553"}],"up":[{"embeddable":true,"href":"https:\/\/regionmazowsze.pl\/index.php?rest_route=\/wp\/v2\/pages\/2262"}],"wp:attachment":[{"href":"https:\/\/regionmazowsze.pl\/index.php?rest_route=%2Fwp%2Fv2%2Fmedia&parent=2264"}],"curies":[{"name":"wp","href":"https:\/\/api.w.org\/{rel}","templated":true}]}}